{"id":994,"date":"2019-04-30T17:12:33","date_gmt":"2019-04-30T15:12:33","guid":{"rendered":"https:\/\/green-des-impressionnistes.com\/credits\/"},"modified":"2019-06-10T15:19:21","modified_gmt":"2019-06-10T13:19:21","slug":"credits","status":"publish","type":"page","link":"https:\/\/green-des-impressionnistes.com\/en\/credits\/","title":{"rendered":"Credits"},"content":{"rendered":"<div class=\"wpb-content-wrapper\"><p>[vc_row][vc_column width=&#8221;1\/3&#8243;]<div class=\"single_image wpb_content_element align-center    \" data-animation=\"none\" data-delay=\"0\"><img loading=\"lazy\" decoding=\"async\" width=\"100\" height=\"100\" src=\"https:\/\/green-des-impressionnistes.com\/wp-content\/uploads\/2019\/04\/logo_conseils-et-preference-fond-blanc-100.png\" class=\"attachment-full\" alt=\"Logo de l&#039;agence Conseils et Pr\u00e9f\u00e9rence\" title=\"logo_conseils-et-preference-fond-blanc-100\" srcset=\"https:\/\/green-des-impressionnistes.com\/wp-content\/uploads\/2019\/04\/logo_conseils-et-preference-fond-blanc-100.png 100w, https:\/\/green-des-impressionnistes.com\/wp-content\/uploads\/2019\/04\/logo_conseils-et-preference-fond-blanc-100-80x80.png 80w\" sizes=\"auto, (max-width: 100px) 100vw, 100px\" \/><\/div>[\/vc_column][vc_column width=&#8221;2\/3&#8243;][vc_column_text]<span class=\"intro\">Website made by Conseils et Pr\u00e9f\u00e9rence<\/span><\/p>\n<p>Design, writing, ergonomic and graphic designs, development.<\/p>\n<p><a href=\"https:\/\/conseilspreference.com\" target=\"_blank\" rel=\"noopener noreferrer\">https:\/\/conseilspreference.com<\/a><\/p>\n<p><a href=\"m&#97;&#x69;&#x6c;t&#111;&#x3a;&#x62;o&#110;&#106;&#x6f;&#x75;r&#64;&#x63;&#x6f;n&#115;&#x65;&#x69;l&#115;&#112;&#x72;&#x65;f&#101;&#x72;&#x65;n&#99;&#x65;&#x2e;c&#111;&#109;\" target=\"_blank\" rel=\"noopener noreferrer\">&#98;&#x6f;&#110;&#x6a;o&#x75;r&#64;&#x63;&#111;&#x6e;&#115;&#x65;i&#x6c;s&#112;&#x72;&#101;&#x66;e&#x72;e&#x6e;&#x63;&#101;&#x2e;&#99;&#x6f;m<\/a>[\/vc_column_text][\/vc_column][\/vc_row][vc_row class=&#8221;visibility-desktop&#8221;][vc_column width=&#8221;1\/1&#8243;]<div class=\"spacer\" style=\"height: 350px;\"><\/div>[\/vc_column][\/vc_row]<\/p>\n<\/div>","protected":false},"excerpt":{"rendered":"<p>[vc_row][vc_column width=&#8221;1\/3&#8243;][\/vc_column][vc_column width=&#8221;2\/3&#8243;][vc_column_text]Website made by Conseils et Pr\u00e9f\u00e9rence Design, writing, ergonomic and graphic designs, development. https:\/\/conseilspreference.com &#98;&#x6f;n&#106;&#x6f;u&#x72;&#x40;&#99;&#x6f;n&#115;&#x65;i&#108;&#x73;&#112;&#x72;e&#102;&#x65;r&#101;&#x6e;&#99;&#x65;&#x2e;&#99;&#x6f;m[\/vc_column_text][\/vc_column][\/vc_row][vc_row class=&#8221;visibility-desktop&#8221;][vc_column width=&#8221;1\/1&#8243;][\/vc_column][\/vc_row]<\/p>\n","protected":false},"author":1,"featured_media":0,"parent":0,"menu_order":0,"comment_status":"closed","ping_status":"closed","template":"","meta":{"_acf_changed":false,"footnotes":""},"class_list":["post-994","page","type-page","status-publish","hentry"],"acf":[],"yoast_head":"<!-- This site is optimized with the Yoast SEO plugin v27.4 - https:\/\/yoast.com\/product\/yoast-seo-wordpress\/ -->\n<title>The Green des Impressionnistes website made by Conseils et Pr\u00e9f\u00e9rence<\/title>\n<meta name=\"description\" content=\"Design and development of the Green des Impressionnistes Hotel Residence website carried out by Conseils et Pr\u00e9f\u00e9rence web agency.\" \/>\n<meta name=\"robots\" content=\"index, follow, max-snippet:-1, max-image-preview:large, max-video-preview:-1\" \/>\n<link rel=\"canonical\" href=\"https:\/\/green-des-impressionnistes.com\/en\/credits\/\" \/>\n<meta property=\"og:locale\" content=\"en_US\" \/>\n<meta property=\"og:type\" content=\"article\" \/>\n<meta property=\"og:title\" content=\"The Green des Impressionnistes website made by Conseils et Pr\u00e9f\u00e9rence\" \/>\n<meta property=\"og:description\" content=\"Design and development of the Green des Impressionnistes Hotel Residence website carried out by Conseils et Pr\u00e9f\u00e9rence web agency.\" \/>\n<meta property=\"og:url\" content=\"https:\/\/green-des-impressionnistes.com\/en\/credits\/\" \/>\n<meta property=\"og:site_name\" content=\"Le Green des Impressionnistes\" \/>\n<meta property=\"article:publisher\" content=\"https:\/\/www.facebook.com\/legreendesimpressionnistes\" \/>\n<meta property=\"article:modified_time\" content=\"2019-06-10T13:19:21+00:00\" \/>\n<meta property=\"og:image\" content=\"https:\/\/green-des-impressionnistes.com\/wp-content\/uploads\/2019\/02\/logo-green-des-impressionnistes-retina.png\" \/>\n\t<meta property=\"og:image:width\" content=\"500\" \/>\n\t<meta property=\"og:image:height\" content=\"211\" \/>\n\t<meta property=\"og:image:type\" content=\"image\/png\" \/>\n<meta name=\"twitter:card\" content=\"summary_large_image\" \/>\n<!-- \/ Yoast SEO plugin. -->","yoast_head_json":{"title":"The Green des Impressionnistes website made by Conseils et Pr\u00e9f\u00e9rence","description":"Design and development of the Green des Impressionnistes Hotel Residence website carried out by Conseils et Pr\u00e9f\u00e9rence web agency.","robots":{"index":"index","follow":"follow","max-snippet":"max-snippet:-1","max-image-preview":"max-image-preview:large","max-video-preview":"max-video-preview:-1"},"canonical":"https:\/\/green-des-impressionnistes.com\/en\/credits\/","og_locale":"en_US","og_type":"article","og_title":"The Green des Impressionnistes website made by Conseils et Pr\u00e9f\u00e9rence","og_description":"Design and development of the Green des Impressionnistes Hotel Residence website carried out by Conseils et Pr\u00e9f\u00e9rence web agency.","og_url":"https:\/\/green-des-impressionnistes.com\/en\/credits\/","og_site_name":"Le Green des Impressionnistes","article_publisher":"https:\/\/www.facebook.com\/legreendesimpressionnistes","article_modified_time":"2019-06-10T13:19:21+00:00","og_image":[{"width":500,"height":211,"url":"https:\/\/green-des-impressionnistes.com\/wp-content\/uploads\/2019\/02\/logo-green-des-impressionnistes-retina.png","type":"image\/png"}],"twitter_card":"summary_large_image","schema":{"@context":"https:\/\/schema.org","@graph":[{"@type":"WebPage","@id":"https:\/\/green-des-impressionnistes.com\/en\/credits\/","url":"https:\/\/green-des-impressionnistes.com\/en\/credits\/","name":"The Green des Impressionnistes website made by Conseils et Pr\u00e9f\u00e9rence","isPartOf":{"@id":"https:\/\/green-des-impressionnistes.com\/en\/#website"},"datePublished":"2019-04-30T15:12:33+00:00","dateModified":"2019-06-10T13:19:21+00:00","description":"Design and development of the Green des Impressionnistes Hotel Residence website carried out by Conseils et Pr\u00e9f\u00e9rence web agency.","breadcrumb":{"@id":"https:\/\/green-des-impressionnistes.com\/en\/credits\/#breadcrumb"},"inLanguage":"en-US","potentialAction":[{"@type":"ReadAction","target":["https:\/\/green-des-impressionnistes.com\/en\/credits\/"]}]},{"@type":"BreadcrumbList","@id":"https:\/\/green-des-impressionnistes.com\/en\/credits\/#breadcrumb","itemListElement":[{"@type":"ListItem","position":1,"name":"Accueil","item":"https:\/\/green-des-impressionnistes.com\/en\/the-green-des-impressionnistes\/"},{"@type":"ListItem","position":2,"name":"Credits"}]},{"@type":"WebSite","@id":"https:\/\/green-des-impressionnistes.com\/en\/#website","url":"https:\/\/green-des-impressionnistes.com\/en\/","name":"Le Green des Impressionnistes","description":"R\u00e9sidence h\u00f4teli\u00e8re \u2605\u2605\u2605","publisher":{"@id":"https:\/\/green-des-impressionnistes.com\/en\/#organization"},"potentialAction":[{"@type":"SearchAction","target":{"@type":"EntryPoint","urlTemplate":"https:\/\/green-des-impressionnistes.com\/en\/?s={search_term_string}"},"query-input":{"@type":"PropertyValueSpecification","valueRequired":true,"valueName":"search_term_string"}}],"inLanguage":"en-US"},{"@type":"Organization","@id":"https:\/\/green-des-impressionnistes.com\/en\/#organization","name":"Le Green des Impressionnistes","url":"https:\/\/green-des-impressionnistes.com\/en\/","logo":{"@type":"ImageObject","inLanguage":"en-US","@id":"https:\/\/green-des-impressionnistes.com\/en\/#\/schema\/logo\/image\/","url":"https:\/\/green-des-impressionnistes.com\/wp-content\/uploads\/2019\/02\/logo-green-des-impressionnistes-footer.png","contentUrl":"https:\/\/green-des-impressionnistes.com\/wp-content\/uploads\/2019\/02\/logo-green-des-impressionnistes-footer.png","width":228,"height":84,"caption":"Le Green des Impressionnistes"},"image":{"@id":"https:\/\/green-des-impressionnistes.com\/en\/#\/schema\/logo\/image\/"},"sameAs":["https:\/\/www.facebook.com\/legreendesimpressionnistes"]}]}},"_links":{"self":[{"href":"https:\/\/green-des-impressionnistes.com\/en\/wp-json\/wp\/v2\/pages\/994","targetHints":{"allow":["GET"]}}],"collection":[{"href":"https:\/\/green-des-impressionnistes.com\/en\/wp-json\/wp\/v2\/pages"}],"about":[{"href":"https:\/\/green-des-impressionnistes.com\/en\/wp-json\/wp\/v2\/types\/page"}],"author":[{"embeddable":true,"href":"https:\/\/green-des-impressionnistes.com\/en\/wp-json\/wp\/v2\/users\/1"}],"replies":[{"embeddable":true,"href":"https:\/\/green-des-impressionnistes.com\/en\/wp-json\/wp\/v2\/comments?post=994"}],"version-history":[{"count":0,"href":"https:\/\/green-des-impressionnistes.com\/en\/wp-json\/wp\/v2\/pages\/994\/revisions"}],"wp:attachment":[{"href":"https:\/\/green-des-impressionnistes.com\/en\/wp-json\/wp\/v2\/media?parent=994"}],"curies":[{"name":"wp","href":"https:\/\/api.w.org\/{rel}","templated":true}]}}