{"id":1393,"date":"2019-06-10T12:43:26","date_gmt":"2019-06-10T10:43:26","guid":{"rendered":"https:\/\/green-des-impressionnistes.com\/activities-services\/work\/"},"modified":"2019-06-10T12:43:26","modified_gmt":"2019-06-10T10:43:26","slug":"work","status":"publish","type":"page","link":"https:\/\/green-des-impressionnistes.com\/en\/activities-services\/work\/","title":{"rendered":"Work"},"content":{"rendered":"<div class=\"wpb-content-wrapper\"><p>[vc_row row_id=&#8221;parcours&#8221;][vc_column][vc_column_text]<\/p>\n<p class=\"intro\">Le Green Des Impressionnistes is the right place to focus and <strong>work in a quiet environment<\/strong>. Take advantage of our infrastructure to optimize your productivity.<\/p>\n<p style=\"text-align: center;\">The Green&#8217;s services allow you to work under the best conditions:<\/p>\n<p>[\/vc_column_text][\/vc_column][\/vc_row][vc_row][vc_column width=&#8221;1\/1&#8243;]\n\t\t<div class=\"portfolio-element\">\n\n\t\t\n\t\t\t\t\t<div class=\"container\">\n\t\t\n\t\t\t\t\t<div id=\"324069493\" class=\"portfolio-items portfolio-grid portfolio-overlay-name clearfix\" data-id=\"324069493\">  \n\t\t\t\t\t\t\n\t\t\t\t\t\t\t\n\t\t\t\t\t\t\t\n\t\t\t\t\t\t\t\t\t\t\t\t\n\n\t\t\t\t\t\t\t\t\t\t\t\t\t\t\t\t\n\t\t\t\t\t\t\t\t   \n\n\t\t\t\t\t\t\t\t<div class=\"term-work portfolio-item four columns\">\n\t\t\t\t\t\t\t\t\t<div class=\"portfolio-image\"><a href=\"https:\/\/green-des-impressionnistes.com\/en\/activites-services\/meeting-rooms\/\" title=\"Meeting rooms\"><div class=\"portfolio-image-img\"><img decoding=\"async\" src=\"https:\/\/green-des-impressionnistes.com\/wp-content\/uploads\/2019\/03\/S\u00e9minaires-OTA2-300x200.jpg\" alt=\"Meeting rooms\" \/><div class=\"portfolio-item-undertitle\">Meeting rooms<\/div><\/div><div class=\"portfolio-overlay overlay-name\"><span>Meeting rooms<\/span><i class=\"icon-minti-plus\"><\/i><\/div><\/a><\/div>\n\t\t\t\t\t\t\t\t<\/div>\n\n\t\t\t\t\t\t\t\t\t\t\t\t  \n\t\t\t\t\t\t\n\t\t\t\t\t\t\t\n\t\t\t\t\t\t\t\n\t\t\t\t\t\t\t\t\t\t\t\t\n\n\t\t\t\t\t\t\t\t\t\t\t\t\t\t\t\t\n\t\t\t\t\t\t\t\t   \n\n\t\t\t\t\t\t\t\t<div class=\"term-practical term-work portfolio-item four columns\">\n\t\t\t\t\t\t\t\t\t<div class=\"portfolio-image\"><a href=\"https:\/\/green-des-impressionnistes.com\/en\/activites-services\/web-corner-to-work-comfortably\/\" title=\"Web corner to work comfortably\"><div class=\"portfolio-image-img\"><img decoding=\"async\" src=\"https:\/\/green-des-impressionnistes.com\/wp-content\/uploads\/2019\/03\/Reception-OTA4-300x204.jpg\" alt=\"Web corner to work comfortably\" \/><div class=\"portfolio-item-undertitle\">Web corner to work comfortably<\/div><\/div><div class=\"portfolio-overlay overlay-name\"><span>Web corner to work comfortably<\/span><i class=\"icon-minti-plus\"><\/i><\/div><\/a><\/div>\n\t\t\t\t\t\t\t\t<\/div>\n\n\t\t\t\t\t\t\t\t\t\t\t\t  \n\t\t\t\t\t\t\n\t\t\t\t\t\t\t\n\t\t\t\t\t\t\t\n\t\t\t\t\t\t\t\t\t\t\t\t\n\n\t\t\t\t\t\t\t\t\t\t\t\t\t\t\t\t\n\t\t\t\t\t\t\t\t   \n\n\t\t\t\t\t\t\t\t<div class=\"term-practical term-work portfolio-item four columns\">\n\t\t\t\t\t\t\t\t\t<div class=\"portfolio-image\"><a href=\"https:\/\/green-des-impressionnistes.com\/en\/activites-services\/broadband-internet-via-wifi\/\" title=\"Broadband Internet via WiFi\"><div class=\"portfolio-image-img\"><img decoding=\"async\" src=\"https:\/\/green-des-impressionnistes.com\/wp-content\/uploads\/2019\/03\/S\u00e9minaires-OTA5-300x225.jpg\" alt=\"Broadband Internet via WiFi\" \/><div class=\"portfolio-item-undertitle\">Broadband Internet via WiFi<\/div><\/div><div class=\"portfolio-overlay overlay-name\"><span>Broadband Internet via WiFi<\/span><i class=\"icon-minti-plus\"><\/i><\/div><\/a><\/div>\n\t\t\t\t\t\t\t\t<\/div>\n\n\t\t\t\t\t\t\t\t\t\t\t\t  \n\t\t\t\t\t\t\n\t\t\t\t\t\t\t\n\t\t\t\t\t\t\t\n\t\t\t\t\t\t\t\t\t\t\t\t\n\n\t\t\t\t\t\t\t\t\t\t\t\t\t\t\t\t\n\t\t\t\t\t\t\t\t   \n\n\t\t\t\t\t\t\t\t<div class=\"term-work portfolio-item four columns\">\n\t\t\t\t\t\t\t\t\t<div class=\"portfolio-image\"><a href=\"https:\/\/green-des-impressionnistes.com\/en\/activites-services\/team-building-activities\/\" title=\"Team-building activities\"><div class=\"portfolio-image-img\"><img decoding=\"async\" src=\"https:\/\/green-des-impressionnistes.com\/wp-content\/uploads\/2022\/05\/team-building-300x200.jpg\" alt=\"Team-building activities\" \/><div class=\"portfolio-item-undertitle\">Team-building activities<\/div><\/div><div class=\"portfolio-overlay overlay-name\"><span>Team-building activities<\/span><i class=\"icon-minti-plus\"><\/i><\/div><\/a><\/div>\n\t\t\t\t\t\t\t\t<\/div>\n\n\t\t\t\t\t\t\t\t\t\t\t\t  \n\t\t\t\t\t\t\t\t\t\t\t<\/div>\n\n\t\t\t\t\t<\/div>\n\t\t\n\t\t<\/div>\n\t\t\t\n\t\t\t\t\n\t\t[\/vc_column][\/vc_row]<\/p>\n<\/div>","protected":false},"excerpt":{"rendered":"<p>[vc_row row_id=&#8221;parcours&#8221;][vc_column][vc_column_text] Le Green Des Impressionnistes is the right place to focus and work in a quiet environment. Take advantage of our infrastructure to optimize your productivity. The Green&#8217;s services allow you to work under the best conditions: [\/vc_column_text][\/vc_column][\/vc_row][vc_row][vc_column width=&#8221;1\/1&#8243;][\/vc_column][\/vc_row]<\/p>\n","protected":false},"author":1,"featured_media":0,"parent":1132,"menu_order":0,"comment_status":"closed","ping_status":"closed","template":"","meta":{"_acf_changed":false,"footnotes":""},"class_list":["post-1393","page","type-page","status-publish","hentry"],"acf":[],"yoast_head":"<!-- This site is optimized with the Yoast SEO plugin v27.4 - https:\/\/yoast.com\/product\/yoast-seo-wordpress\/ -->\n<title>Le Green Des Imppressionnistes services for your work<\/title>\n<meta name=\"description\" content=\"Le Green des Impressionnistes residence does everything possible to ensure your productivity: high-speed WiFi, webcorner, seminar rooms, coffee, etc.\" \/>\n<meta name=\"robots\" content=\"index, follow, max-snippet:-1, max-image-preview:large, max-video-preview:-1\" \/>\n<link rel=\"canonical\" href=\"https:\/\/green-des-impressionnistes.com\/en\/activities-services\/work\/\" \/>\n<meta property=\"og:locale\" content=\"en_US\" \/>\n<meta property=\"og:type\" content=\"article\" \/>\n<meta property=\"og:title\" content=\"Le Green Des Imppressionnistes services for your work\" \/>\n<meta property=\"og:description\" content=\"Le Green des Impressionnistes residence does everything possible to ensure your productivity: high-speed WiFi, webcorner, seminar rooms, coffee, etc.\" \/>\n<meta property=\"og:url\" content=\"https:\/\/green-des-impressionnistes.com\/en\/activities-services\/work\/\" \/>\n<meta property=\"og:site_name\" content=\"Le Green des Impressionnistes\" \/>\n<meta property=\"article:publisher\" content=\"https:\/\/www.facebook.com\/legreendesimpressionnistes\" \/>\n<meta property=\"og:image\" content=\"https:\/\/green-des-impressionnistes.com\/wp-content\/uploads\/2019\/02\/logo-green-des-impressionnistes-retina.png\" \/>\n\t<meta property=\"og:image:width\" content=\"500\" \/>\n\t<meta property=\"og:image:height\" content=\"211\" \/>\n\t<meta property=\"og:image:type\" content=\"image\/png\" \/>\n<meta name=\"twitter:card\" content=\"summary_large_image\" \/>\n<!-- \/ Yoast SEO plugin. -->","yoast_head_json":{"title":"Le Green Des Imppressionnistes services for your work","description":"Le Green des Impressionnistes residence does everything possible to ensure your productivity: high-speed WiFi, webcorner, seminar rooms, coffee, etc.","robots":{"index":"index","follow":"follow","max-snippet":"max-snippet:-1","max-image-preview":"max-image-preview:large","max-video-preview":"max-video-preview:-1"},"canonical":"https:\/\/green-des-impressionnistes.com\/en\/activities-services\/work\/","og_locale":"en_US","og_type":"article","og_title":"Le Green Des Imppressionnistes services for your work","og_description":"Le Green des Impressionnistes residence does everything possible to ensure your productivity: high-speed WiFi, webcorner, seminar rooms, coffee, etc.","og_url":"https:\/\/green-des-impressionnistes.com\/en\/activities-services\/work\/","og_site_name":"Le Green des Impressionnistes","article_publisher":"https:\/\/www.facebook.com\/legreendesimpressionnistes","og_image":[{"width":500,"height":211,"url":"https:\/\/green-des-impressionnistes.com\/wp-content\/uploads\/2019\/02\/logo-green-des-impressionnistes-retina.png","type":"image\/png"}],"twitter_card":"summary_large_image","schema":{"@context":"https:\/\/schema.org","@graph":[{"@type":"WebPage","@id":"https:\/\/green-des-impressionnistes.com\/en\/activities-services\/work\/","url":"https:\/\/green-des-impressionnistes.com\/en\/activities-services\/work\/","name":"Le Green Des Imppressionnistes services for your work","isPartOf":{"@id":"https:\/\/green-des-impressionnistes.com\/en\/#website"},"datePublished":"2019-06-10T10:43:26+00:00","description":"Le Green des Impressionnistes residence does everything possible to ensure your productivity: high-speed WiFi, webcorner, seminar rooms, coffee, etc.","breadcrumb":{"@id":"https:\/\/green-des-impressionnistes.com\/en\/activities-services\/work\/#breadcrumb"},"inLanguage":"en-US","potentialAction":[{"@type":"ReadAction","target":["https:\/\/green-des-impressionnistes.com\/en\/activities-services\/work\/"]}]},{"@type":"BreadcrumbList","@id":"https:\/\/green-des-impressionnistes.com\/en\/activities-services\/work\/#breadcrumb","itemListElement":[{"@type":"ListItem","position":1,"name":"Accueil","item":"https:\/\/green-des-impressionnistes.com\/en\/the-green-des-impressionnistes\/"},{"@type":"ListItem","position":2,"name":"Activities &#038; services","item":"https:\/\/green-des-impressionnistes.com\/en\/activities-services\/"},{"@type":"ListItem","position":3,"name":"Work"}]},{"@type":"WebSite","@id":"https:\/\/green-des-impressionnistes.com\/en\/#website","url":"https:\/\/green-des-impressionnistes.com\/en\/","name":"Le Green des Impressionnistes","description":"R\u00e9sidence h\u00f4teli\u00e8re \u2605\u2605\u2605","publisher":{"@id":"https:\/\/green-des-impressionnistes.com\/en\/#organization"},"potentialAction":[{"@type":"SearchAction","target":{"@type":"EntryPoint","urlTemplate":"https:\/\/green-des-impressionnistes.com\/en\/?s={search_term_string}"},"query-input":{"@type":"PropertyValueSpecification","valueRequired":true,"valueName":"search_term_string"}}],"inLanguage":"en-US"},{"@type":"Organization","@id":"https:\/\/green-des-impressionnistes.com\/en\/#organization","name":"Le Green des Impressionnistes","url":"https:\/\/green-des-impressionnistes.com\/en\/","logo":{"@type":"ImageObject","inLanguage":"en-US","@id":"https:\/\/green-des-impressionnistes.com\/en\/#\/schema\/logo\/image\/","url":"https:\/\/green-des-impressionnistes.com\/wp-content\/uploads\/2019\/02\/logo-green-des-impressionnistes-footer.png","contentUrl":"https:\/\/green-des-impressionnistes.com\/wp-content\/uploads\/2019\/02\/logo-green-des-impressionnistes-footer.png","width":228,"height":84,"caption":"Le Green des Impressionnistes"},"image":{"@id":"https:\/\/green-des-impressionnistes.com\/en\/#\/schema\/logo\/image\/"},"sameAs":["https:\/\/www.facebook.com\/legreendesimpressionnistes"]}]}},"_links":{"self":[{"href":"https:\/\/green-des-impressionnistes.com\/en\/wp-json\/wp\/v2\/pages\/1393","targetHints":{"allow":["GET"]}}],"collection":[{"href":"https:\/\/green-des-impressionnistes.com\/en\/wp-json\/wp\/v2\/pages"}],"about":[{"href":"https:\/\/green-des-impressionnistes.com\/en\/wp-json\/wp\/v2\/types\/page"}],"author":[{"embeddable":true,"href":"https:\/\/green-des-impressionnistes.com\/en\/wp-json\/wp\/v2\/users\/1"}],"replies":[{"embeddable":true,"href":"https:\/\/green-des-impressionnistes.com\/en\/wp-json\/wp\/v2\/comments?post=1393"}],"version-history":[{"count":0,"href":"https:\/\/green-des-impressionnistes.com\/en\/wp-json\/wp\/v2\/pages\/1393\/revisions"}],"up":[{"embeddable":true,"href":"https:\/\/green-des-impressionnistes.com\/en\/wp-json\/wp\/v2\/pages\/1132"}],"wp:attachment":[{"href":"https:\/\/green-des-impressionnistes.com\/en\/wp-json\/wp\/v2\/media?parent=1393"}],"curies":[{"name":"wp","href":"https:\/\/api.w.org\/{rel}","templated":true}]}}