{"id":1391,"date":"2019-06-10T12:41:25","date_gmt":"2019-06-10T10:41:25","guid":{"rendered":"https:\/\/green-des-impressionnistes.com\/activities-services\/services-and-practical-information\/"},"modified":"2019-06-10T12:41:26","modified_gmt":"2019-06-10T10:41:26","slug":"services-and-practical-information","status":"publish","type":"page","link":"https:\/\/green-des-impressionnistes.com\/en\/activities-services\/services-and-practical-information\/","title":{"rendered":"Services and practical information"},"content":{"rendered":"<div class=\"wpb-content-wrapper\"><p>[vc_row row_id=&#8221;parcours&#8221;][vc_column][vc_column_text]<\/p>\n<p class=\"intro\">Do you need to <a href=\"https:\/\/green-des-impressionnistes.com\/en\/activites-services\/24-hour-laundry-service\/\">do your laundry<\/a>? Would you like to <a href=\"https:\/\/green-des-impressionnistes.com\/en\/activites-services\/small-pets\/\">take M\u00e9dor with you<\/a>? Leave your room <a href=\"https:\/\/green-des-impressionnistes.com\/en\/activites-services\/arrive-earlier-leave-later\/\">after the official time<\/a>? The Green team takes care of its guests.<\/p>\n<p style=\"text-align: center;\">Find our services below. Any special needs? Thank you for <a href=\"https:\/\/green-des-impressionnistes.com\/en\/contact\/\">letting us know<\/a>.<\/p>\n<p>[\/vc_column_text][\/vc_column][\/vc_row][vc_row][vc_column width=&#8221;1\/1&#8243;]\n\t\t<div class=\"portfolio-element\">\n\n\t\t\n\t\t\t\t\t<div class=\"container\">\n\t\t\n\t\t\t\t\t<div id=\"870897043\" class=\"portfolio-items portfolio-grid portfolio-overlay-name clearfix\" data-id=\"870897043\">  \n\t\t\t\t\t\t\n\t\t\t\t\t\t\t\n\t\t\t\t\t\t\t\n\t\t\t\t\t\t\t\t\t\t\t\t\n\n\t\t\t\t\t\t\t\t\t\t\t\t\t\t\t\t\n\t\t\t\t\t\t\t\t   \n\n\t\t\t\t\t\t\t\t<div class=\"term-practical portfolio-item four columns\">\n\t\t\t\t\t\t\t\t\t<div class=\"portfolio-image\"><a href=\"https:\/\/green-des-impressionnistes.com\/en\/activites-services\/charging-stations-for-electric-vehicles\/\" title=\"Charging stations for electric vehicles\"><div class=\"portfolio-image-img\"><img decoding=\"async\" src=\"https:\/\/green-des-impressionnistes.com\/wp-content\/uploads\/2024\/04\/borne-recharge-hotel-cergy-pontoise-2-300x169.jpg\" alt=\"Charging stations for electric vehicles\" \/><div class=\"portfolio-item-undertitle\">Charging stations for electric vehicles<\/div><\/div><div class=\"portfolio-overlay overlay-name\"><span>Charging stations for electric vehicles<\/span><i class=\"icon-minti-plus\"><\/i><\/div><\/a><\/div>\n\t\t\t\t\t\t\t\t<\/div>\n\n\t\t\t\t\t\t\t\t\t\t\t\t  \n\t\t\t\t\t\t\n\t\t\t\t\t\t\t\n\t\t\t\t\t\t\t\n\t\t\t\t\t\t\t\t\t\t\t\t\n\n\t\t\t\t\t\t\t\t\t\t\t\t\t\t\t\t\n\t\t\t\t\t\t\t\t   \n\n\t\t\t\t\t\t\t\t<div class=\"term-catering term-practical portfolio-item four columns\">\n\t\t\t\t\t\t\t\t\t<div class=\"portfolio-image\"><a href=\"https:\/\/green-des-impressionnistes.com\/en\/activites-services\/dishes-in-the-room\/\" title=\"Dishes in the room\"><div class=\"portfolio-image-img\"><img decoding=\"async\" src=\"https:\/\/green-des-impressionnistes.com\/wp-content\/uploads\/2019\/04\/plat-boco-au-green-des-impressionnistes-300x153.jpg\" alt=\"Dishes in the room\" \/><div class=\"portfolio-item-undertitle\">Dishes in the room<\/div><\/div><div class=\"portfolio-overlay overlay-name\"><span>Dishes in the room<\/span><i class=\"icon-minti-plus\"><\/i><\/div><\/a><\/div>\n\t\t\t\t\t\t\t\t<\/div>\n\n\t\t\t\t\t\t\t\t\t\t\t\t  \n\t\t\t\t\t\t\n\t\t\t\t\t\t\t\n\t\t\t\t\t\t\t\n\t\t\t\t\t\t\t\t\t\t\t\t\n\n\t\t\t\t\t\t\t\t\t\t\t\t\t\t\t\t\n\t\t\t\t\t\t\t\t   \n\n\t\t\t\t\t\t\t\t<div class=\"term-practical portfolio-item four columns\">\n\t\t\t\t\t\t\t\t\t<div class=\"portfolio-image\"><a href=\"https:\/\/green-des-impressionnistes.com\/en\/activites-services\/your-movies-and-games-on-a-giant-screen\/\" title=\"Your movies and games on a giant screen\"><div class=\"portfolio-image-img\"><img decoding=\"async\" src=\"https:\/\/green-des-impressionnistes.com\/wp-content\/uploads\/2019\/02\/Salon-OTA2-300x194.jpg\" alt=\"Your movies and games on a giant screen\" \/><div class=\"portfolio-item-undertitle\">Your movies and games on a giant screen<\/div><\/div><div class=\"portfolio-overlay overlay-name\"><span>Your movies and games on a giant screen<\/span><i class=\"icon-minti-plus\"><\/i><\/div><\/a><\/div>\n\t\t\t\t\t\t\t\t<\/div>\n\n\t\t\t\t\t\t\t\t\t\t\t\t  \n\t\t\t\t\t\t\n\t\t\t\t\t\t\t\n\t\t\t\t\t\t\t\n\t\t\t\t\t\t\t\t\t\t\t\t\n\n\t\t\t\t\t\t\t\t\t\t\t\t\t\t\t\t\n\t\t\t\t\t\t\t\t   \n\n\t\t\t\t\t\t\t\t<div class=\"term-catering term-practical portfolio-item four columns\">\n\t\t\t\t\t\t\t\t\t<div class=\"portfolio-image\"><a href=\"https:\/\/green-des-impressionnistes.com\/en\/activites-services\/authentic-and-local-breakfast\/\" title=\"Authentic and local breakfast\"><div class=\"portfolio-image-img\"><img decoding=\"async\" src=\"https:\/\/green-des-impressionnistes.com\/wp-content\/uploads\/2019\/03\/PDJ-OTA2-300x200.jpg\" alt=\"Authentic and local breakfast\" \/><div class=\"portfolio-item-undertitle\">Authentic and local breakfast<\/div><\/div><div class=\"portfolio-overlay overlay-name\"><span>Authentic and local breakfast<\/span><i class=\"icon-minti-plus\"><\/i><\/div><\/a><\/div>\n\t\t\t\t\t\t\t\t<\/div>\n\n\t\t\t\t\t\t\t\t\t\t\t\t  \n\t\t\t\t\t\t\n\t\t\t\t\t\t\t\n\t\t\t\t\t\t\t\n\t\t\t\t\t\t\t\t\t\t\t\t\n\n\t\t\t\t\t\t\t\t\t\t\t\t\t\t\t\t\n\t\t\t\t\t\t\t\t   \n\n\t\t\t\t\t\t\t\t<div class=\"term-practical portfolio-item four columns\">\n\t\t\t\t\t\t\t\t\t<div class=\"portfolio-image\"><a href=\"https:\/\/green-des-impressionnistes.com\/en\/activites-services\/arrive-earlier-leave-later\/\" title=\"Arrive earlier, leave later\"><div class=\"portfolio-image-img\"><img decoding=\"async\" src=\"https:\/\/green-des-impressionnistes.com\/wp-content\/uploads\/2019\/03\/Reception-S7-300x200.jpg\" alt=\"Arrive earlier, leave later\" \/><div class=\"portfolio-item-undertitle\">Arrive earlier, leave later<\/div><\/div><div class=\"portfolio-overlay overlay-name\"><span>Arrive earlier, leave later<\/span><i class=\"icon-minti-plus\"><\/i><\/div><\/a><\/div>\n\t\t\t\t\t\t\t\t<\/div>\n\n\t\t\t\t\t\t\t\t\t\t\t\t  \n\t\t\t\t\t\t\n\t\t\t\t\t\t\t\n\t\t\t\t\t\t\t\n\t\t\t\t\t\t\t\t\t\t\t\t\n\n\t\t\t\t\t\t\t\t\t\t\t\t\t\t\t\t\n\t\t\t\t\t\t\t\t   \n\n\t\t\t\t\t\t\t\t<div class=\"term-catering term-practical portfolio-item four columns\">\n\t\t\t\t\t\t\t\t\t<div class=\"portfolio-image\"><a href=\"https:\/\/green-des-impressionnistes.com\/en\/activites-services\/shopping-for-groceries\/\" title=\"Shopping for groceries\"><div class=\"portfolio-image-img\"><img decoding=\"async\" src=\"https:\/\/green-des-impressionnistes.com\/wp-content\/uploads\/2019\/05\/fruits-legumes-300x200.jpg\" alt=\"Shopping for groceries\" \/><div class=\"portfolio-item-undertitle\">Shopping for groceries<\/div><\/div><div class=\"portfolio-overlay overlay-name\"><span>Shopping for groceries<\/span><i class=\"icon-minti-plus\"><\/i><\/div><\/a><\/div>\n\t\t\t\t\t\t\t\t<\/div>\n\n\t\t\t\t\t\t\t\t\t\t\t\t  \n\t\t\t\t\t\t\n\t\t\t\t\t\t\t\n\t\t\t\t\t\t\t\n\t\t\t\t\t\t\t\t\t\t\t\t\n\n\t\t\t\t\t\t\t\t\t\t\t\t\t\t\t\t\n\t\t\t\t\t\t\t\t   \n\n\t\t\t\t\t\t\t\t<div class=\"term-practical portfolio-item four columns\">\n\t\t\t\t\t\t\t\t\t<div class=\"portfolio-image\"><a href=\"https:\/\/green-des-impressionnistes.com\/en\/activites-services\/billiard-in-the-living-room\/\" title=\"Billiard in the living room\"><div class=\"portfolio-image-img\"><img decoding=\"async\" src=\"https:\/\/green-des-impressionnistes.com\/wp-content\/uploads\/2019\/02\/Salon-OTA1-300x200.jpg\" alt=\"Billiard in the living room\" \/><div class=\"portfolio-item-undertitle\">Billiard in the living room<\/div><\/div><div class=\"portfolio-overlay overlay-name\"><span>Billiard in the living room<\/span><i class=\"icon-minti-plus\"><\/i><\/div><\/a><\/div>\n\t\t\t\t\t\t\t\t<\/div>\n\n\t\t\t\t\t\t\t\t\t\t\t\t  \n\t\t\t\t\t\t\n\t\t\t\t\t\t\t\n\t\t\t\t\t\t\t\n\t\t\t\t\t\t\t\t\t\t\t\t\n\n\t\t\t\t\t\t\t\t\t\t\t\t\t\t\t\t\n\t\t\t\t\t\t\t\t   \n\n\t\t\t\t\t\t\t\t<div class=\"term-practical portfolio-item four columns\">\n\t\t\t\t\t\t\t\t\t<div class=\"portfolio-image\"><a href=\"https:\/\/green-des-impressionnistes.com\/en\/activites-services\/sit-by-the-fire\/\" title=\"Sit by the fire\"><div class=\"portfolio-image-img\"><img decoding=\"async\" src=\"https:\/\/green-des-impressionnistes.com\/wp-content\/uploads\/2019\/03\/Reception-OTA2-300x200.jpg\" alt=\"Sit by the fire\" \/><div class=\"portfolio-item-undertitle\">Sit by the fire<\/div><\/div><div class=\"portfolio-overlay overlay-name\"><span>Sit by the fire<\/span><i class=\"icon-minti-plus\"><\/i><\/div><\/a><\/div>\n\t\t\t\t\t\t\t\t<\/div>\n\n\t\t\t\t\t\t\t\t\t\t\t\t  \n\t\t\t\t\t\t\n\t\t\t\t\t\t\t\n\t\t\t\t\t\t\t\n\t\t\t\t\t\t\t\t\t\t\t\t\n\n\t\t\t\t\t\t\t\t\t\t\t\t\t\t\t\t\n\t\t\t\t\t\t\t\t   \n\n\t\t\t\t\t\t\t\t<div class=\"term-practical term-sports-leisure portfolio-item four columns\">\n\t\t\t\t\t\t\t\t\t<div class=\"portfolio-image\"><a href=\"https:\/\/green-des-impressionnistes.com\/en\/activites-services\/loan-of-electric-bicycles\/\" title=\"Loan of electric bicycles\"><div class=\"portfolio-image-img\"><img decoding=\"async\" src=\"https:\/\/green-des-impressionnistes.com\/wp-content\/uploads\/2019\/03\/IMG_9394-300x225.jpeg\" alt=\"Loan of electric bicycles\" \/><div class=\"portfolio-item-undertitle\">Loan of electric bicycles<\/div><\/div><div class=\"portfolio-overlay overlay-name\"><span>Loan of electric bicycles<\/span><i class=\"icon-minti-plus\"><\/i><\/div><\/a><\/div>\n\t\t\t\t\t\t\t\t<\/div>\n\n\t\t\t\t\t\t\t\t\t\t\t\t  \n\t\t\t\t\t\t\n\t\t\t\t\t\t\t\n\t\t\t\t\t\t\t\n\t\t\t\t\t\t\t\t\t\t\t\t\n\n\t\t\t\t\t\t\t\t\t\t\t\t\t\t\t\t\n\t\t\t\t\t\t\t\t   \n\n\t\t\t\t\t\t\t\t<div class=\"term-practical term-work portfolio-item four columns\">\n\t\t\t\t\t\t\t\t\t<div class=\"portfolio-image\"><a href=\"https:\/\/green-des-impressionnistes.com\/en\/activites-services\/web-corner-to-work-comfortably\/\" title=\"Web corner to work comfortably\"><div class=\"portfolio-image-img\"><img decoding=\"async\" src=\"https:\/\/green-des-impressionnistes.com\/wp-content\/uploads\/2019\/03\/Reception-OTA4-300x204.jpg\" alt=\"Web corner to work comfortably\" \/><div class=\"portfolio-item-undertitle\">Web corner to work comfortably<\/div><\/div><div class=\"portfolio-overlay overlay-name\"><span>Web corner to work comfortably<\/span><i class=\"icon-minti-plus\"><\/i><\/div><\/a><\/div>\n\t\t\t\t\t\t\t\t<\/div>\n\n\t\t\t\t\t\t\t\t\t\t\t\t  \n\t\t\t\t\t\t\n\t\t\t\t\t\t\t\n\t\t\t\t\t\t\t\n\t\t\t\t\t\t\t\t\t\t\t\t\n\n\t\t\t\t\t\t\t\t\t\t\t\t\t\t\t\t\n\t\t\t\t\t\t\t\t   \n\n\t\t\t\t\t\t\t\t<div class=\"term-practical portfolio-item four columns\">\n\t\t\t\t\t\t\t\t\t<div class=\"portfolio-image\"><a href=\"https:\/\/green-des-impressionnistes.com\/en\/activites-services\/bicycle-welcome-center\/\" title=\"Bicycle welcome center\"><div class=\"portfolio-image-img\"><img decoding=\"async\" src=\"https:\/\/green-des-impressionnistes.com\/wp-content\/uploads\/2019\/03\/cyclistes-300x200.jpg\" alt=\"Bicycle welcome center\" \/><div class=\"portfolio-item-undertitle\">Bicycle welcome center<\/div><\/div><div class=\"portfolio-overlay overlay-name\"><span>Bicycle welcome center<\/span><i class=\"icon-minti-plus\"><\/i><\/div><\/a><\/div>\n\t\t\t\t\t\t\t\t<\/div>\n\n\t\t\t\t\t\t\t\t\t\t\t\t  \n\t\t\t\t\t\t\n\t\t\t\t\t\t\t\n\t\t\t\t\t\t\t\n\t\t\t\t\t\t\t\t\t\t\t\t\n\n\t\t\t\t\t\t\t\t\t\t\t\t\t\t\t\t\n\t\t\t\t\t\t\t\t   \n\n\t\t\t\t\t\t\t\t<div class=\"term-practical term-work portfolio-item four columns\">\n\t\t\t\t\t\t\t\t\t<div class=\"portfolio-image\"><a href=\"https:\/\/green-des-impressionnistes.com\/en\/activites-services\/broadband-internet-via-wifi\/\" title=\"Broadband Internet via WiFi\"><div class=\"portfolio-image-img\"><img decoding=\"async\" src=\"https:\/\/green-des-impressionnistes.com\/wp-content\/uploads\/2019\/03\/S\u00e9minaires-OTA5-300x225.jpg\" alt=\"Broadband Internet via WiFi\" \/><div class=\"portfolio-item-undertitle\">Broadband Internet via WiFi<\/div><\/div><div class=\"portfolio-overlay overlay-name\"><span>Broadband Internet via WiFi<\/span><i class=\"icon-minti-plus\"><\/i><\/div><\/a><\/div>\n\t\t\t\t\t\t\t\t<\/div>\n\n\t\t\t\t\t\t\t\t\t\t\t\t  \n\t\t\t\t\t\t\n\t\t\t\t\t\t\t\n\t\t\t\t\t\t\t\n\t\t\t\t\t\t\t\t\t\t\t\t\n\n\t\t\t\t\t\t\t\t\t\t\t\t\t\t\t\t\n\t\t\t\t\t\t\t\t   \n\n\t\t\t\t\t\t\t\t<div class=\"term-practical portfolio-item four columns\">\n\t\t\t\t\t\t\t\t\t<div class=\"portfolio-image\"><a href=\"https:\/\/green-des-impressionnistes.com\/en\/activites-services\/refill-for-electric-bicycles\/\" title=\"Refill for electric bicycles\"><div class=\"portfolio-image-img\"><img decoding=\"async\" src=\"https:\/\/green-des-impressionnistes.com\/wp-content\/uploads\/2019\/03\/recharge-velo-300x225.jpg\" alt=\"Refill for electric bicycles\" \/><div class=\"portfolio-item-undertitle\">Refill for electric bicycles<\/div><\/div><div class=\"portfolio-overlay overlay-name\"><span>Refill for electric bicycles<\/span><i class=\"icon-minti-plus\"><\/i><\/div><\/a><\/div>\n\t\t\t\t\t\t\t\t<\/div>\n\n\t\t\t\t\t\t\t\t\t\t\t\t  \n\t\t\t\t\t\t\n\t\t\t\t\t\t\t\n\t\t\t\t\t\t\t\n\t\t\t\t\t\t\t\t\t\t\t\t\n\n\t\t\t\t\t\t\t\t\t\t\t\t\t\t\t\t\n\t\t\t\t\t\t\t\t   \n\n\t\t\t\t\t\t\t\t<div class=\"term-family term-practical portfolio-item four columns\">\n\t\t\t\t\t\t\t\t\t<div class=\"portfolio-image\"><a href=\"https:\/\/green-des-impressionnistes.com\/en\/activites-services\/baby-bed-on-request\/\" title=\"Baby bed on request\"><div class=\"portfolio-image-img\"><img decoding=\"async\" src=\"https:\/\/green-des-impressionnistes.com\/wp-content\/uploads\/2019\/03\/bebe-300x200.jpg\" alt=\"Baby bed on request\" \/><div class=\"portfolio-item-undertitle\">Baby bed on request<\/div><\/div><div class=\"portfolio-overlay overlay-name\"><span>Baby bed on request<\/span><i class=\"icon-minti-plus\"><\/i><\/div><\/a><\/div>\n\t\t\t\t\t\t\t\t<\/div>\n\n\t\t\t\t\t\t\t\t\t\t\t\t  \n\t\t\t\t\t\t\n\t\t\t\t\t\t\t\n\t\t\t\t\t\t\t\n\t\t\t\t\t\t\t\t\t\t\t\t\n\n\t\t\t\t\t\t\t\t\t\t\t\t\t\t\t\t\n\t\t\t\t\t\t\t\t   \n\n\t\t\t\t\t\t\t\t<div class=\"term-practical portfolio-item four columns\">\n\t\t\t\t\t\t\t\t\t<div class=\"portfolio-image\"><a href=\"https:\/\/green-des-impressionnistes.com\/en\/activites-services\/24-hour-laundry-service\/\" title=\"24-hour laundry service\"><div class=\"portfolio-image-img\"><img decoding=\"async\" src=\"https:\/\/green-des-impressionnistes.com\/wp-content\/uploads\/2019\/03\/linge-propre-300x200.jpg\" alt=\"24-hour laundry service\" \/><div class=\"portfolio-item-undertitle\">24-hour laundry service<\/div><\/div><div class=\"portfolio-overlay overlay-name\"><span>24-hour laundry service<\/span><i class=\"icon-minti-plus\"><\/i><\/div><\/a><\/div>\n\t\t\t\t\t\t\t\t<\/div>\n\n\t\t\t\t\t\t\t\t\t\t\t\t  \n\t\t\t\t\t\t\n\t\t\t\t\t\t\t\n\t\t\t\t\t\t\t\n\t\t\t\t\t\t\t\t\t\t\t\t\n\n\t\t\t\t\t\t\t\t\t\t\t\t\t\t\t\t\n\t\t\t\t\t\t\t\t   \n\n\t\t\t\t\t\t\t\t<div class=\"term-practical portfolio-item four columns\">\n\t\t\t\t\t\t\t\t\t<div class=\"portfolio-image\"><a href=\"https:\/\/green-des-impressionnistes.com\/en\/activites-services\/small-pets\/\" title=\"Small pets\"><div class=\"portfolio-image-img\"><img decoding=\"async\" src=\"https:\/\/green-des-impressionnistes.com\/wp-content\/uploads\/2019\/03\/chat-300x200.jpg\" alt=\"Small pets\" \/><div class=\"portfolio-item-undertitle\">Small pets<\/div><\/div><div class=\"portfolio-overlay overlay-name\"><span>Small pets<\/span><i class=\"icon-minti-plus\"><\/i><\/div><\/a><\/div>\n\t\t\t\t\t\t\t\t<\/div>\n\n\t\t\t\t\t\t\t\t\t\t\t\t  \n\t\t\t\t\t\t\n\t\t\t\t\t\t\t\n\t\t\t\t\t\t\t\n\t\t\t\t\t\t\t\t\t\t\t\t\n\n\t\t\t\t\t\t\t\t\t\t\t\t\t\t\t\t\n\t\t\t\t\t\t\t\t   \n\n\t\t\t\t\t\t\t\t<div class=\"term-practical portfolio-item four columns\">\n\t\t\t\t\t\t\t\t\t<div class=\"portfolio-image\"><a href=\"https:\/\/green-des-impressionnistes.com\/en\/activites-services\/books-and-press-at-your-disposal\/\" title=\"Books and press at your disposal\"><div class=\"portfolio-image-img\"><img decoding=\"async\" src=\"https:\/\/green-des-impressionnistes.com\/wp-content\/uploads\/2019\/03\/robyn-budlender-112521-unsplash-300x200.jpg\" alt=\"Books and press at your disposal\" \/><div class=\"portfolio-item-undertitle\">Books and press at your disposal<\/div><\/div><div class=\"portfolio-overlay overlay-name\"><span>Books and press at your disposal<\/span><i class=\"icon-minti-plus\"><\/i><\/div><\/a><\/div>\n\t\t\t\t\t\t\t\t<\/div>\n\n\t\t\t\t\t\t\t\t\t\t\t\t  \n\t\t\t\t\t\t\n\t\t\t\t\t\t\t\n\t\t\t\t\t\t\t\n\t\t\t\t\t\t\t\t\t\t\t\t\n\n\t\t\t\t\t\t\t\t\t\t\t\t\t\t\t\t\n\t\t\t\t\t\t\t\t   \n\n\t\t\t\t\t\t\t\t<div class=\"term-practical portfolio-item four columns\">\n\t\t\t\t\t\t\t\t\t<div class=\"portfolio-image\"><a href=\"https:\/\/green-des-impressionnistes.com\/en\/activites-services\/printer\/\" title=\"Printer\"><div class=\"portfolio-image-img\"><img decoding=\"async\" src=\"https:\/\/green-des-impressionnistes.com\/wp-content\/uploads\/2019\/03\/cytonn-photography-604680-unsplash-300x200.jpg\" alt=\"Printer\" \/><div class=\"portfolio-item-undertitle\">Printer<\/div><\/div><div class=\"portfolio-overlay overlay-name\"><span>Printer<\/span><i class=\"icon-minti-plus\"><\/i><\/div><\/a><\/div>\n\t\t\t\t\t\t\t\t<\/div>\n\n\t\t\t\t\t\t\t\t\t\t\t\t  \n\t\t\t\t\t\t\n\t\t\t\t\t\t\t\n\t\t\t\t\t\t\t\n\t\t\t\t\t\t\t\t\t\t\t\t\n\n\t\t\t\t\t\t\t\t\t\t\t\t\t\t\t\t\n\t\t\t\t\t\t\t\t   \n\n\t\t\t\t\t\t\t\t<div class=\"term-catering term-practical portfolio-item four columns\">\n\t\t\t\t\t\t\t\t\t<div class=\"portfolio-image\"><a href=\"https:\/\/green-des-impressionnistes.com\/en\/activites-services\/the-green-shop\/\" title=\"The Green shop\"><div class=\"portfolio-image-img\"><img decoding=\"async\" src=\"https:\/\/green-des-impressionnistes.com\/wp-content\/uploads\/2022\/04\/boutique-green-des-impressionnistes-300x225.jpg\" alt=\"The Green shop\" \/><div class=\"portfolio-item-undertitle\">The Green shop<\/div><\/div><div class=\"portfolio-overlay overlay-name\"><span>The Green shop<\/span><i class=\"icon-minti-plus\"><\/i><\/div><\/a><\/div>\n\t\t\t\t\t\t\t\t<\/div>\n\n\t\t\t\t\t\t\t\t\t\t\t\t  \n\t\t\t\t\t\t\t\t\t\t\t<\/div>\n\n\t\t\t\t\t<\/div>\n\t\t\n\t\t<\/div>\n\t\t\t\n\t\t\t\t\n\t\t[\/vc_column][\/vc_row]<\/p>\n<\/div>","protected":false},"excerpt":{"rendered":"<p>[vc_row row_id=&#8221;parcours&#8221;][vc_column][vc_column_text] Do you need to do your laundry? Would you like to take M\u00e9dor with you? Leave your room after the official time? The Green team takes care of its guests. Find our services below. Any special needs? Thank you for letting us know. [\/vc_column_text][\/vc_column][\/vc_row][vc_row][vc_column width=&#8221;1\/1&#8243;][\/vc_column][\/vc_row]<\/p>\n","protected":false},"author":1,"featured_media":0,"parent":1132,"menu_order":0,"comment_status":"closed","ping_status":"closed","template":"","meta":{"_acf_changed":false,"footnotes":""},"class_list":["post-1391","page","type-page","status-publish","hentry"],"acf":[],"yoast_head":"<!-- This site is optimized with the Yoast SEO plugin v27.4 - https:\/\/yoast.com\/product\/yoast-seo-wordpress\/ -->\n<title>Le Green Des Impressionnistes services and practical information<\/title>\n<meta name=\"description\" content=\"Schedules, animals accepted, bicycle reception, laundry 7 days a week, charging station for electric bicycles, cot, printer, WiFI, etc.\" \/>\n<meta name=\"robots\" content=\"index, follow, max-snippet:-1, max-image-preview:large, max-video-preview:-1\" \/>\n<link rel=\"canonical\" href=\"https:\/\/green-des-impressionnistes.com\/en\/activities-services\/services-and-practical-information\/\" \/>\n<meta property=\"og:locale\" content=\"en_US\" \/>\n<meta property=\"og:type\" content=\"article\" \/>\n<meta property=\"og:title\" content=\"Le Green Des Impressionnistes services and practical information\" \/>\n<meta property=\"og:description\" content=\"Schedules, animals accepted, bicycle reception, laundry 7 days a week, charging station for electric bicycles, cot, printer, WiFI, etc.\" \/>\n<meta property=\"og:url\" content=\"https:\/\/green-des-impressionnistes.com\/en\/activities-services\/services-and-practical-information\/\" \/>\n<meta property=\"og:site_name\" content=\"Le Green des Impressionnistes\" \/>\n<meta property=\"article:publisher\" content=\"https:\/\/www.facebook.com\/legreendesimpressionnistes\" \/>\n<meta property=\"article:modified_time\" content=\"2019-06-10T10:41:26+00:00\" \/>\n<meta property=\"og:image\" content=\"https:\/\/green-des-impressionnistes.com\/wp-content\/uploads\/2019\/02\/logo-green-des-impressionnistes-retina.png\" \/>\n\t<meta property=\"og:image:width\" content=\"500\" \/>\n\t<meta property=\"og:image:height\" content=\"211\" \/>\n\t<meta property=\"og:image:type\" content=\"image\/png\" \/>\n<meta name=\"twitter:card\" content=\"summary_large_image\" \/>\n<!-- \/ Yoast SEO plugin. -->","yoast_head_json":{"title":"Le Green Des Impressionnistes services and practical information","description":"Schedules, animals accepted, bicycle reception, laundry 7 days a week, charging station for electric bicycles, cot, printer, WiFI, etc.","robots":{"index":"index","follow":"follow","max-snippet":"max-snippet:-1","max-image-preview":"max-image-preview:large","max-video-preview":"max-video-preview:-1"},"canonical":"https:\/\/green-des-impressionnistes.com\/en\/activities-services\/services-and-practical-information\/","og_locale":"en_US","og_type":"article","og_title":"Le Green Des Impressionnistes services and practical information","og_description":"Schedules, animals accepted, bicycle reception, laundry 7 days a week, charging station for electric bicycles, cot, printer, WiFI, etc.","og_url":"https:\/\/green-des-impressionnistes.com\/en\/activities-services\/services-and-practical-information\/","og_site_name":"Le Green des Impressionnistes","article_publisher":"https:\/\/www.facebook.com\/legreendesimpressionnistes","article_modified_time":"2019-06-10T10:41:26+00:00","og_image":[{"width":500,"height":211,"url":"https:\/\/green-des-impressionnistes.com\/wp-content\/uploads\/2019\/02\/logo-green-des-impressionnistes-retina.png","type":"image\/png"}],"twitter_card":"summary_large_image","schema":{"@context":"https:\/\/schema.org","@graph":[{"@type":"WebPage","@id":"https:\/\/green-des-impressionnistes.com\/en\/activities-services\/services-and-practical-information\/","url":"https:\/\/green-des-impressionnistes.com\/en\/activities-services\/services-and-practical-information\/","name":"Le Green Des Impressionnistes services and practical information","isPartOf":{"@id":"https:\/\/green-des-impressionnistes.com\/en\/#website"},"datePublished":"2019-06-10T10:41:25+00:00","dateModified":"2019-06-10T10:41:26+00:00","description":"Schedules, animals accepted, bicycle reception, laundry 7 days a week, charging station for electric bicycles, cot, printer, WiFI, etc.","breadcrumb":{"@id":"https:\/\/green-des-impressionnistes.com\/en\/activities-services\/services-and-practical-information\/#breadcrumb"},"inLanguage":"en-US","potentialAction":[{"@type":"ReadAction","target":["https:\/\/green-des-impressionnistes.com\/en\/activities-services\/services-and-practical-information\/"]}]},{"@type":"BreadcrumbList","@id":"https:\/\/green-des-impressionnistes.com\/en\/activities-services\/services-and-practical-information\/#breadcrumb","itemListElement":[{"@type":"ListItem","position":1,"name":"Accueil","item":"https:\/\/green-des-impressionnistes.com\/en\/the-green-des-impressionnistes\/"},{"@type":"ListItem","position":2,"name":"Activities &#038; services","item":"https:\/\/green-des-impressionnistes.com\/en\/activities-services\/"},{"@type":"ListItem","position":3,"name":"Services and practical information"}]},{"@type":"WebSite","@id":"https:\/\/green-des-impressionnistes.com\/en\/#website","url":"https:\/\/green-des-impressionnistes.com\/en\/","name":"Le Green des Impressionnistes","description":"R\u00e9sidence h\u00f4teli\u00e8re \u2605\u2605\u2605","publisher":{"@id":"https:\/\/green-des-impressionnistes.com\/en\/#organization"},"potentialAction":[{"@type":"SearchAction","target":{"@type":"EntryPoint","urlTemplate":"https:\/\/green-des-impressionnistes.com\/en\/?s={search_term_string}"},"query-input":{"@type":"PropertyValueSpecification","valueRequired":true,"valueName":"search_term_string"}}],"inLanguage":"en-US"},{"@type":"Organization","@id":"https:\/\/green-des-impressionnistes.com\/en\/#organization","name":"Le Green des Impressionnistes","url":"https:\/\/green-des-impressionnistes.com\/en\/","logo":{"@type":"ImageObject","inLanguage":"en-US","@id":"https:\/\/green-des-impressionnistes.com\/en\/#\/schema\/logo\/image\/","url":"https:\/\/green-des-impressionnistes.com\/wp-content\/uploads\/2019\/02\/logo-green-des-impressionnistes-footer.png","contentUrl":"https:\/\/green-des-impressionnistes.com\/wp-content\/uploads\/2019\/02\/logo-green-des-impressionnistes-footer.png","width":228,"height":84,"caption":"Le Green des Impressionnistes"},"image":{"@id":"https:\/\/green-des-impressionnistes.com\/en\/#\/schema\/logo\/image\/"},"sameAs":["https:\/\/www.facebook.com\/legreendesimpressionnistes"]}]}},"_links":{"self":[{"href":"https:\/\/green-des-impressionnistes.com\/en\/wp-json\/wp\/v2\/pages\/1391","targetHints":{"allow":["GET"]}}],"collection":[{"href":"https:\/\/green-des-impressionnistes.com\/en\/wp-json\/wp\/v2\/pages"}],"about":[{"href":"https:\/\/green-des-impressionnistes.com\/en\/wp-json\/wp\/v2\/types\/page"}],"author":[{"embeddable":true,"href":"https:\/\/green-des-impressionnistes.com\/en\/wp-json\/wp\/v2\/users\/1"}],"replies":[{"embeddable":true,"href":"https:\/\/green-des-impressionnistes.com\/en\/wp-json\/wp\/v2\/comments?post=1391"}],"version-history":[{"count":0,"href":"https:\/\/green-des-impressionnistes.com\/en\/wp-json\/wp\/v2\/pages\/1391\/revisions"}],"up":[{"embeddable":true,"href":"https:\/\/green-des-impressionnistes.com\/en\/wp-json\/wp\/v2\/pages\/1132"}],"wp:attachment":[{"href":"https:\/\/green-des-impressionnistes.com\/en\/wp-json\/wp\/v2\/media?parent=1391"}],"curies":[{"name":"wp","href":"https:\/\/api.w.org\/{rel}","templated":true}]}}