{"id":1389,"date":"2019-06-10T12:36:54","date_gmt":"2019-06-10T10:36:54","guid":{"rendered":"https:\/\/green-des-impressionnistes.com\/activities-services\/enjoy-a-meal\/"},"modified":"2019-06-10T16:33:07","modified_gmt":"2019-06-10T14:33:07","slug":"enjoy-a-meal","status":"publish","type":"page","link":"https:\/\/green-des-impressionnistes.com\/en\/activities-services\/enjoy-a-meal\/","title":{"rendered":"Enjoy a meal"},"content":{"rendered":"<div class=\"wpb-content-wrapper\"><p>[vc_row row_id=&#8221;parcours&#8221;][vc_column][vc_column_text]<\/p>\n<p class=\"intro\">In the morning, enjoy our excellent <a href=\"https:\/\/green-des-impressionnistes.com\/en\/activites-services\/authentic-and-local-breakfast\/\"><strong>breakfast buffet<\/strong><\/a>. Have lunch at the <a href=\"https:\/\/green-des-impressionnistes.com\/en\/activites-services\/lunch-or-dinner-at-the-castle\/\"><strong>nearby castle<\/strong><\/a>. In the evening, have a good <strong><a href=\"https:\/\/green-des-impressionnistes.com\/en\/activites-services\/delivery-of-meals-in-the-rooms\/\">dinner delivered<\/a><\/strong>, reheat a <strong><a href=\"https:\/\/green-des-impressionnistes.com\/en\/activites-services\/dishes-in-the-room\/\">dish in your room<\/a><\/strong> or try a <strong><a href=\"https:\/\/green-des-impressionnistes.com\/en\/activites-services\/surrounding-restaurants\/\">local restaurant<\/a><\/strong>.<\/p>\n<p style=\"text-align: center;\">Here are all the ways to satisfy your hunger:<\/p>\n<p>&nbsp;[\/vc_column_text][\/vc_column][\/vc_row][vc_row][vc_column width=&#8221;1\/1&#8243;]\n\t\t<div class=\"portfolio-element\">\n\n\t\t\n\t\t\t\t\t<div class=\"container\">\n\t\t\n\t\t\t\t\t<div id=\"1812860802\" class=\"portfolio-items portfolio-grid portfolio-overlay-name clearfix\" data-id=\"1812860802\">  \n\t\t\t\t\t\t\n\t\t\t\t\t\t\t\n\t\t\t\t\t\t\t\n\t\t\t\t\t\t\t\t\t\t\t\t\n\n\t\t\t\t\t\t\t\t\t\t\t\t\t\t\t\t\n\t\t\t\t\t\t\t\t   \n\n\t\t\t\t\t\t\t\t<div class=\"term-catering portfolio-item four columns\">\n\t\t\t\t\t\t\t\t\t<div class=\"portfolio-image\"><a href=\"https:\/\/green-des-impressionnistes.com\/en\/activites-services\/savour-our-boards\/\" title=\"Savour our boards\"><div class=\"portfolio-image-img\"><img decoding=\"async\" src=\"https:\/\/green-des-impressionnistes.com\/wp-content\/uploads\/2020\/11\/planche-crudites-tartines-gressins-1-225x300.jpg\" alt=\"Savour our boards\" \/><div class=\"portfolio-item-undertitle\">Savour our boards<\/div><\/div><div class=\"portfolio-overlay overlay-name\"><span>Savour our boards<\/span><i class=\"icon-minti-plus\"><\/i><\/div><\/a><\/div>\n\t\t\t\t\t\t\t\t<\/div>\n\n\t\t\t\t\t\t\t\t\t\t\t\t  \n\t\t\t\t\t\t\n\t\t\t\t\t\t\t\n\t\t\t\t\t\t\t\n\t\t\t\t\t\t\t\t\t\t\t\t\n\n\t\t\t\t\t\t\t\t\t\t\t\t\t\t\t\t\n\t\t\t\t\t\t\t\t   \n\n\t\t\t\t\t\t\t\t<div class=\"term-catering term-practical portfolio-item four columns\">\n\t\t\t\t\t\t\t\t\t<div class=\"portfolio-image\"><a href=\"https:\/\/green-des-impressionnistes.com\/en\/activites-services\/dishes-in-the-room\/\" title=\"Dishes in the room\"><div class=\"portfolio-image-img\"><img decoding=\"async\" src=\"https:\/\/green-des-impressionnistes.com\/wp-content\/uploads\/2019\/04\/plat-boco-au-green-des-impressionnistes-300x153.jpg\" alt=\"Dishes in the room\" \/><div class=\"portfolio-item-undertitle\">Dishes in the room<\/div><\/div><div class=\"portfolio-overlay overlay-name\"><span>Dishes in the room<\/span><i class=\"icon-minti-plus\"><\/i><\/div><\/a><\/div>\n\t\t\t\t\t\t\t\t<\/div>\n\n\t\t\t\t\t\t\t\t\t\t\t\t  \n\t\t\t\t\t\t\n\t\t\t\t\t\t\t\n\t\t\t\t\t\t\t\n\t\t\t\t\t\t\t\t\t\t\t\t\n\n\t\t\t\t\t\t\t\t\t\t\t\t\t\t\t\t\n\t\t\t\t\t\t\t\t   \n\n\t\t\t\t\t\t\t\t<div class=\"term-catering term-practical portfolio-item four columns\">\n\t\t\t\t\t\t\t\t\t<div class=\"portfolio-image\"><a href=\"https:\/\/green-des-impressionnistes.com\/en\/activites-services\/authentic-and-local-breakfast\/\" title=\"Authentic and local breakfast\"><div class=\"portfolio-image-img\"><img decoding=\"async\" src=\"https:\/\/green-des-impressionnistes.com\/wp-content\/uploads\/2019\/03\/PDJ-OTA2-300x200.jpg\" alt=\"Authentic and local breakfast\" \/><div class=\"portfolio-item-undertitle\">Authentic and local breakfast<\/div><\/div><div class=\"portfolio-overlay overlay-name\"><span>Authentic and local breakfast<\/span><i class=\"icon-minti-plus\"><\/i><\/div><\/a><\/div>\n\t\t\t\t\t\t\t\t<\/div>\n\n\t\t\t\t\t\t\t\t\t\t\t\t  \n\t\t\t\t\t\t\n\t\t\t\t\t\t\t\n\t\t\t\t\t\t\t\n\t\t\t\t\t\t\t\t\t\t\t\t\n\n\t\t\t\t\t\t\t\t\t\t\t\t\t\t\t\t\n\t\t\t\t\t\t\t\t   \n\n\t\t\t\t\t\t\t\t<div class=\"term-catering term-practical portfolio-item four columns\">\n\t\t\t\t\t\t\t\t\t<div class=\"portfolio-image\"><a href=\"https:\/\/green-des-impressionnistes.com\/en\/activites-services\/shopping-for-groceries\/\" title=\"Shopping for groceries\"><div class=\"portfolio-image-img\"><img decoding=\"async\" src=\"https:\/\/green-des-impressionnistes.com\/wp-content\/uploads\/2019\/05\/fruits-legumes-300x200.jpg\" alt=\"Shopping for groceries\" \/><div class=\"portfolio-item-undertitle\">Shopping for groceries<\/div><\/div><div class=\"portfolio-overlay overlay-name\"><span>Shopping for groceries<\/span><i class=\"icon-minti-plus\"><\/i><\/div><\/a><\/div>\n\t\t\t\t\t\t\t\t<\/div>\n\n\t\t\t\t\t\t\t\t\t\t\t\t  \n\t\t\t\t\t\t\n\t\t\t\t\t\t\t\n\t\t\t\t\t\t\t\n\t\t\t\t\t\t\t\t\t\t\t\t\n\n\t\t\t\t\t\t\t\t\t\t\t\t\t\t\t\t\n\t\t\t\t\t\t\t\t   \n\n\t\t\t\t\t\t\t\t<div class=\"term-catering portfolio-item four columns\">\n\t\t\t\t\t\t\t\t\t<div class=\"portfolio-image\"><a href=\"https:\/\/green-des-impressionnistes.com\/en\/activites-services\/surrounding-restaurants\/\" title=\"Surrounding restaurants\"><div class=\"portfolio-image-img\"><img decoding=\"async\" src=\"https:\/\/green-des-impressionnistes.com\/wp-content\/uploads\/2019\/05\/restaurants-300x200.jpg\" alt=\"Surrounding restaurants\" \/><div class=\"portfolio-item-undertitle\">Surrounding restaurants<\/div><\/div><div class=\"portfolio-overlay overlay-name\"><span>Surrounding restaurants<\/span><i class=\"icon-minti-plus\"><\/i><\/div><\/a><\/div>\n\t\t\t\t\t\t\t\t<\/div>\n\n\t\t\t\t\t\t\t\t\t\t\t\t  \n\t\t\t\t\t\t\n\t\t\t\t\t\t\t\n\t\t\t\t\t\t\t\n\t\t\t\t\t\t\t\t\t\t\t\t\n\n\t\t\t\t\t\t\t\t\t\t\t\t\t\t\t\t\n\t\t\t\t\t\t\t\t   \n\n\t\t\t\t\t\t\t\t<div class=\"term-catering portfolio-item four columns\">\n\t\t\t\t\t\t\t\t\t<div class=\"portfolio-image\"><a href=\"https:\/\/green-des-impressionnistes.com\/en\/activites-services\/champagne-beers-and-softs\/\" title=\"Champagne, beers and softs\"><div class=\"portfolio-image-img\"><img decoding=\"async\" src=\"https:\/\/green-des-impressionnistes.com\/wp-content\/uploads\/2019\/03\/restauration-03-300x200.jpg\" alt=\"Champagne, beers and softs\" \/><div class=\"portfolio-item-undertitle\">Champagne, beers and softs<\/div><\/div><div class=\"portfolio-overlay overlay-name\"><span>Champagne, beers and softs<\/span><i class=\"icon-minti-plus\"><\/i><\/div><\/a><\/div>\n\t\t\t\t\t\t\t\t<\/div>\n\n\t\t\t\t\t\t\t\t\t\t\t\t  \n\t\t\t\t\t\t\n\t\t\t\t\t\t\t\n\t\t\t\t\t\t\t\n\t\t\t\t\t\t\t\t\t\t\t\t\n\n\t\t\t\t\t\t\t\t\t\t\t\t\t\t\t\t\n\t\t\t\t\t\t\t\t   \n\n\t\t\t\t\t\t\t\t<div class=\"term-catering portfolio-item four columns\">\n\t\t\t\t\t\t\t\t\t<div class=\"portfolio-image\"><a href=\"https:\/\/green-des-impressionnistes.com\/en\/activites-services\/lunch-or-dinner-at-the-castle\/\" title=\"Lunch or dinner at the castle\"><div class=\"portfolio-image-img\"><img decoding=\"async\" src=\"https:\/\/green-des-impressionnistes.com\/wp-content\/uploads\/2019\/03\/diner-chateau-300x200.jpg\" alt=\"Lunch or dinner at the castle\" \/><div class=\"portfolio-item-undertitle\">Lunch or dinner at the castle<\/div><\/div><div class=\"portfolio-overlay overlay-name\"><span>Lunch or dinner at the castle<\/span><i class=\"icon-minti-plus\"><\/i><\/div><\/a><\/div>\n\t\t\t\t\t\t\t\t<\/div>\n\n\t\t\t\t\t\t\t\t\t\t\t\t  \n\t\t\t\t\t\t\n\t\t\t\t\t\t\t\n\t\t\t\t\t\t\t\n\t\t\t\t\t\t\t\t\t\t\t\t\n\n\t\t\t\t\t\t\t\t\t\t\t\t\t\t\t\t\n\t\t\t\t\t\t\t\t   \n\n\t\t\t\t\t\t\t\t<div class=\"term-catering portfolio-item four columns\">\n\t\t\t\t\t\t\t\t\t<div class=\"portfolio-image\"><a href=\"https:\/\/green-des-impressionnistes.com\/en\/activites-services\/delivery-of-meals-in-the-rooms\/\" title=\"Delivery of meals in the rooms\"><div class=\"portfolio-image-img\"><img decoding=\"async\" src=\"https:\/\/green-des-impressionnistes.com\/wp-content\/uploads\/2019\/03\/pizza-1-300x200.jpg\" alt=\"Delivery of meals in the rooms\" \/><div class=\"portfolio-item-undertitle\">Delivery of meals in the rooms<\/div><\/div><div class=\"portfolio-overlay overlay-name\"><span>Delivery of meals in the rooms<\/span><i class=\"icon-minti-plus\"><\/i><\/div><\/a><\/div>\n\t\t\t\t\t\t\t\t<\/div>\n\n\t\t\t\t\t\t\t\t\t\t\t\t  \n\t\t\t\t\t\t\n\t\t\t\t\t\t\t\n\t\t\t\t\t\t\t\n\t\t\t\t\t\t\t\t\t\t\t\t\n\n\t\t\t\t\t\t\t\t\t\t\t\t\t\t\t\t\n\t\t\t\t\t\t\t\t   \n\n\t\t\t\t\t\t\t\t<div class=\"term-catering term-practical portfolio-item four columns\">\n\t\t\t\t\t\t\t\t\t<div class=\"portfolio-image\"><a href=\"https:\/\/green-des-impressionnistes.com\/en\/activites-services\/the-green-shop\/\" title=\"The Green shop\"><div class=\"portfolio-image-img\"><img decoding=\"async\" src=\"https:\/\/green-des-impressionnistes.com\/wp-content\/uploads\/2022\/04\/boutique-green-des-impressionnistes-300x225.jpg\" alt=\"The Green shop\" \/><div class=\"portfolio-item-undertitle\">The Green shop<\/div><\/div><div class=\"portfolio-overlay overlay-name\"><span>The Green shop<\/span><i class=\"icon-minti-plus\"><\/i><\/div><\/a><\/div>\n\t\t\t\t\t\t\t\t<\/div>\n\n\t\t\t\t\t\t\t\t\t\t\t\t  \n\t\t\t\t\t\t\t\t\t\t\t<\/div>\n\n\t\t\t\t\t<\/div>\n\t\t\n\t\t<\/div>\n\t\t\t\n\t\t\t\t\n\t\t[\/vc_column][\/vc_row]<\/p>\n<\/div>","protected":false},"excerpt":{"rendered":"<p>[vc_row row_id=&#8221;parcours&#8221;][vc_column][vc_column_text] In the morning, enjoy our excellent breakfast buffet. Have lunch at the nearby castle. In the evening, have a good dinner delivered, reheat a dish in your room or try a local restaurant. Here are all the ways to satisfy your hunger: &nbsp;[\/vc_column_text][\/vc_column][\/vc_row][vc_row][vc_column width=&#8221;1\/1&#8243;][\/vc_column][\/vc_row]<\/p>\n","protected":false},"author":1,"featured_media":0,"parent":1132,"menu_order":0,"comment_status":"closed","ping_status":"closed","template":"","meta":{"_acf_changed":false,"footnotes":""},"class_list":["post-1389","page","type-page","status-publish","hentry"],"acf":[],"yoast_head":"<!-- This site is optimized with the Yoast SEO plugin v27.4 - https:\/\/yoast.com\/product\/yoast-seo-wordpress\/ -->\n<title>Restaurants, delivery, room meals and breakfast at Le Green<\/title>\n<meta name=\"description\" content=\"While staying at the Green, enjoy the local and artisanal breakfast! The team suggests nearby restaurants, dishes to be reheated in the room, etc.\" \/>\n<meta name=\"robots\" content=\"index, follow, max-snippet:-1, max-image-preview:large, max-video-preview:-1\" \/>\n<link rel=\"canonical\" href=\"https:\/\/green-des-impressionnistes.com\/en\/activities-services\/enjoy-a-meal\/\" \/>\n<meta property=\"og:locale\" content=\"en_US\" \/>\n<meta property=\"og:type\" content=\"article\" \/>\n<meta property=\"og:title\" content=\"Restaurants, delivery, room meals and breakfast at Le Green\" \/>\n<meta property=\"og:description\" content=\"While staying at the Green, enjoy the local and artisanal breakfast! The team suggests nearby restaurants, dishes to be reheated in the room, etc.\" \/>\n<meta property=\"og:url\" content=\"https:\/\/green-des-impressionnistes.com\/en\/activities-services\/enjoy-a-meal\/\" \/>\n<meta property=\"og:site_name\" content=\"Le Green des Impressionnistes\" \/>\n<meta property=\"article:publisher\" content=\"https:\/\/www.facebook.com\/legreendesimpressionnistes\" \/>\n<meta property=\"article:modified_time\" content=\"2019-06-10T14:33:07+00:00\" \/>\n<meta property=\"og:image\" content=\"https:\/\/green-des-impressionnistes.com\/wp-content\/uploads\/2019\/02\/logo-green-des-impressionnistes-retina.png\" \/>\n\t<meta property=\"og:image:width\" content=\"500\" \/>\n\t<meta property=\"og:image:height\" content=\"211\" \/>\n\t<meta property=\"og:image:type\" content=\"image\/png\" \/>\n<meta name=\"twitter:card\" content=\"summary_large_image\" \/>\n<!-- \/ Yoast SEO plugin. -->","yoast_head_json":{"title":"Restaurants, delivery, room meals and breakfast at Le Green","description":"While staying at the Green, enjoy the local and artisanal breakfast! The team suggests nearby restaurants, dishes to be reheated in the room, etc.","robots":{"index":"index","follow":"follow","max-snippet":"max-snippet:-1","max-image-preview":"max-image-preview:large","max-video-preview":"max-video-preview:-1"},"canonical":"https:\/\/green-des-impressionnistes.com\/en\/activities-services\/enjoy-a-meal\/","og_locale":"en_US","og_type":"article","og_title":"Restaurants, delivery, room meals and breakfast at Le Green","og_description":"While staying at the Green, enjoy the local and artisanal breakfast! The team suggests nearby restaurants, dishes to be reheated in the room, etc.","og_url":"https:\/\/green-des-impressionnistes.com\/en\/activities-services\/enjoy-a-meal\/","og_site_name":"Le Green des Impressionnistes","article_publisher":"https:\/\/www.facebook.com\/legreendesimpressionnistes","article_modified_time":"2019-06-10T14:33:07+00:00","og_image":[{"width":500,"height":211,"url":"https:\/\/green-des-impressionnistes.com\/wp-content\/uploads\/2019\/02\/logo-green-des-impressionnistes-retina.png","type":"image\/png"}],"twitter_card":"summary_large_image","schema":{"@context":"https:\/\/schema.org","@graph":[{"@type":"WebPage","@id":"https:\/\/green-des-impressionnistes.com\/en\/activities-services\/enjoy-a-meal\/","url":"https:\/\/green-des-impressionnistes.com\/en\/activities-services\/enjoy-a-meal\/","name":"Restaurants, delivery, room meals and breakfast at Le Green","isPartOf":{"@id":"https:\/\/green-des-impressionnistes.com\/en\/#website"},"datePublished":"2019-06-10T10:36:54+00:00","dateModified":"2019-06-10T14:33:07+00:00","description":"While staying at the Green, enjoy the local and artisanal breakfast! The team suggests nearby restaurants, dishes to be reheated in the room, etc.","breadcrumb":{"@id":"https:\/\/green-des-impressionnistes.com\/en\/activities-services\/enjoy-a-meal\/#breadcrumb"},"inLanguage":"en-US","potentialAction":[{"@type":"ReadAction","target":["https:\/\/green-des-impressionnistes.com\/en\/activities-services\/enjoy-a-meal\/"]}]},{"@type":"BreadcrumbList","@id":"https:\/\/green-des-impressionnistes.com\/en\/activities-services\/enjoy-a-meal\/#breadcrumb","itemListElement":[{"@type":"ListItem","position":1,"name":"Accueil","item":"https:\/\/green-des-impressionnistes.com\/en\/the-green-des-impressionnistes\/"},{"@type":"ListItem","position":2,"name":"Activities &#038; services","item":"https:\/\/green-des-impressionnistes.com\/en\/activities-services\/"},{"@type":"ListItem","position":3,"name":"Enjoy a meal"}]},{"@type":"WebSite","@id":"https:\/\/green-des-impressionnistes.com\/en\/#website","url":"https:\/\/green-des-impressionnistes.com\/en\/","name":"Le Green des Impressionnistes","description":"R\u00e9sidence h\u00f4teli\u00e8re \u2605\u2605\u2605","publisher":{"@id":"https:\/\/green-des-impressionnistes.com\/en\/#organization"},"potentialAction":[{"@type":"SearchAction","target":{"@type":"EntryPoint","urlTemplate":"https:\/\/green-des-impressionnistes.com\/en\/?s={search_term_string}"},"query-input":{"@type":"PropertyValueSpecification","valueRequired":true,"valueName":"search_term_string"}}],"inLanguage":"en-US"},{"@type":"Organization","@id":"https:\/\/green-des-impressionnistes.com\/en\/#organization","name":"Le Green des Impressionnistes","url":"https:\/\/green-des-impressionnistes.com\/en\/","logo":{"@type":"ImageObject","inLanguage":"en-US","@id":"https:\/\/green-des-impressionnistes.com\/en\/#\/schema\/logo\/image\/","url":"https:\/\/green-des-impressionnistes.com\/wp-content\/uploads\/2019\/02\/logo-green-des-impressionnistes-footer.png","contentUrl":"https:\/\/green-des-impressionnistes.com\/wp-content\/uploads\/2019\/02\/logo-green-des-impressionnistes-footer.png","width":228,"height":84,"caption":"Le Green des Impressionnistes"},"image":{"@id":"https:\/\/green-des-impressionnistes.com\/en\/#\/schema\/logo\/image\/"},"sameAs":["https:\/\/www.facebook.com\/legreendesimpressionnistes"]}]}},"_links":{"self":[{"href":"https:\/\/green-des-impressionnistes.com\/en\/wp-json\/wp\/v2\/pages\/1389","targetHints":{"allow":["GET"]}}],"collection":[{"href":"https:\/\/green-des-impressionnistes.com\/en\/wp-json\/wp\/v2\/pages"}],"about":[{"href":"https:\/\/green-des-impressionnistes.com\/en\/wp-json\/wp\/v2\/types\/page"}],"author":[{"embeddable":true,"href":"https:\/\/green-des-impressionnistes.com\/en\/wp-json\/wp\/v2\/users\/1"}],"replies":[{"embeddable":true,"href":"https:\/\/green-des-impressionnistes.com\/en\/wp-json\/wp\/v2\/comments?post=1389"}],"version-history":[{"count":0,"href":"https:\/\/green-des-impressionnistes.com\/en\/wp-json\/wp\/v2\/pages\/1389\/revisions"}],"up":[{"embeddable":true,"href":"https:\/\/green-des-impressionnistes.com\/en\/wp-json\/wp\/v2\/pages\/1132"}],"wp:attachment":[{"href":"https:\/\/green-des-impressionnistes.com\/en\/wp-json\/wp\/v2\/media?parent=1389"}],"curies":[{"name":"wp","href":"https:\/\/api.w.org\/{rel}","templated":true}]}}