{"id":1314,"date":"2019-06-07T11:33:10","date_gmt":"2019-06-07T09:33:10","guid":{"rendered":"https:\/\/green-des-impressionnistes.com\/activities-services\/enjoy-with-your-family\/"},"modified":"2019-06-10T12:33:33","modified_gmt":"2019-06-10T10:33:33","slug":"enjoy-with-your-family","status":"publish","type":"page","link":"https:\/\/green-des-impressionnistes.com\/en\/activities-services\/enjoy-with-your-family\/","title":{"rendered":"Enjoy with your family"},"content":{"rendered":"<div class=\"wpb-content-wrapper\"><p>[vc_row row_id=&#8221;parcours&#8221;][vc_column][vc_column_text]<\/p>\n<p class=\"intro\">Have a good time with your family, the region is full of places and activities that will please the little ones &#8211; <a href=\"https:\/\/green-des-impressionnistes.com\/en\/activites-services\/pontoise-pedagogical-farm\/\"><strong>cuddling the farm animals<\/strong><\/a>, <a href=\"https:\/\/green-des-impressionnistes.com\/en\/activites-services\/archaeological-museum-of-guiry-en-vexin\/\"><strong>conducting archaeological digs<\/strong><\/a>, etc. &#8211; like the big ones: slip into the shoes of a <a href=\"https:\/\/green-des-impressionnistes.com\/en\/activites-services\/become-a-secret-agent-at-koezio\/\"><strong>special agent<\/strong><\/a>, enjoy a <a href=\"https:\/\/green-des-impressionnistes.com\/en\/activites-services\/europes-largest-go-kart\/\"><strong>karting race<\/strong><\/a>, solve the riddles of an <a href=\"https:\/\/green-des-impressionnistes.com\/en\/activites-services\/free-fall-escape-game-laser-game\/\"><strong>escape game<\/strong><\/a>&#8230;.<\/p>\n<p style=\"text-align: center;\">In addition to <a href=\"https:\/\/green-des-impressionnistes.com\/en\/activities-services\/art-and-history-sites\/\">museums, castles and other historical buildings<\/a> to visit, the Green team recommends activities that will appeal to all members of your tribe:<\/p>\n<p>[\/vc_column_text][\/vc_column][\/vc_row][vc_row][vc_column width=&#8221;1\/1&#8243;]\n\t\t<div class=\"portfolio-element\">\n\n\t\t\n\t\t\t\t\t<div class=\"container\">\n\t\t\n\t\t\t\t\t<div id=\"1326114269\" class=\"portfolio-items portfolio-grid portfolio-overlay-name clearfix\" data-id=\"1326114269\">  \n\t\t\t\t\t\t\n\t\t\t\t\t\t\t\n\t\t\t\t\t\t\t\n\t\t\t\t\t\t\t\t\t\t\t\t\n\n\t\t\t\t\t\t\t\t\t\t\t\t\t\t\t\t\n\t\t\t\t\t\t\t\t   \n\n\t\t\t\t\t\t\t\t<div class=\"term-family term-sports-leisure term-team-building-en portfolio-item four columns\">\n\t\t\t\t\t\t\t\t\t<div class=\"portfolio-image\"><a href=\"https:\/\/green-des-impressionnistes.com\/en\/activites-services\/let-off-steam-with-an-ax\/\" title=\"Let off steam with an ax\"><div class=\"portfolio-image-img\"><img decoding=\"async\" src=\"https:\/\/green-des-impressionnistes.com\/wp-content\/uploads\/2023\/10\/Axe_Throwing-300x225.jpg\" alt=\"Let off steam with an ax\" \/><div class=\"portfolio-item-undertitle\">Let off steam with an ax<\/div><\/div><div class=\"portfolio-overlay overlay-name\"><span>Let off steam with an ax<\/span><i class=\"icon-minti-plus\"><\/i><\/div><\/a><\/div>\n\t\t\t\t\t\t\t\t<\/div>\n\n\t\t\t\t\t\t\t\t\t\t\t\t  \n\t\t\t\t\t\t\n\t\t\t\t\t\t\t\n\t\t\t\t\t\t\t\n\t\t\t\t\t\t\t\t\t\t\t\t\n\n\t\t\t\t\t\t\t\t\t\t\t\t\t\t\t\t\n\t\t\t\t\t\t\t\t   \n\n\t\t\t\t\t\t\t\t<div class=\"term-cultural-sites term-family portfolio-item four columns\">\n\t\t\t\t\t\t\t\t\t<div class=\"portfolio-image\"><a href=\"https:\/\/green-des-impressionnistes.com\/en\/activites-services\/maubuisson-abbey\/\" title=\"Maubuisson Abbey\"><div class=\"portfolio-image-img\"><img decoding=\"async\" src=\"https:\/\/green-des-impressionnistes.com\/wp-content\/uploads\/2019\/06\/abbaye-maubuisson-300x200.jpg\" alt=\"Maubuisson Abbey\" \/><div class=\"portfolio-item-undertitle\">Maubuisson Abbey<\/div><\/div><div class=\"portfolio-overlay overlay-name\"><span>Maubuisson Abbey<\/span><i class=\"icon-minti-plus\"><\/i><\/div><\/a><\/div>\n\t\t\t\t\t\t\t\t<\/div>\n\n\t\t\t\t\t\t\t\t\t\t\t\t  \n\t\t\t\t\t\t\n\t\t\t\t\t\t\t\n\t\t\t\t\t\t\t\n\t\t\t\t\t\t\t\t\t\t\t\t\n\n\t\t\t\t\t\t\t\t\t\t\t\t\t\t\t\t\n\t\t\t\t\t\t\t\t   \n\n\t\t\t\t\t\t\t\t<div class=\"term-family term-sports-leisure portfolio-item four columns\">\n\t\t\t\t\t\t\t\t\t<div class=\"portfolio-image\"><a href=\"https:\/\/green-des-impressionnistes.com\/en\/activites-services\/ice-karting-and-skating\/\" title=\"Ice karting and skating\"><div class=\"portfolio-image-img\"><img decoding=\"async\" src=\"https:\/\/green-des-impressionnistes.com\/wp-content\/uploads\/2019\/04\/patinage-300x200.jpg\" alt=\"Ice karting and skating\" \/><div class=\"portfolio-item-undertitle\">Ice karting and skating<\/div><\/div><div class=\"portfolio-overlay overlay-name\"><span>Ice karting and skating<\/span><i class=\"icon-minti-plus\"><\/i><\/div><\/a><\/div>\n\t\t\t\t\t\t\t\t<\/div>\n\n\t\t\t\t\t\t\t\t\t\t\t\t  \n\t\t\t\t\t\t\n\t\t\t\t\t\t\t\n\t\t\t\t\t\t\t\n\t\t\t\t\t\t\t\t\t\t\t\t\n\n\t\t\t\t\t\t\t\t\t\t\t\t\t\t\t\t\n\t\t\t\t\t\t\t\t   \n\n\t\t\t\t\t\t\t\t<div class=\"term-family term-sports-leisure term-team-building-en portfolio-item four columns\">\n\t\t\t\t\t\t\t\t\t<div class=\"portfolio-image\"><a href=\"https:\/\/green-des-impressionnistes.com\/en\/activites-services\/become-a-secret-agent-at-koezio\/\" title=\"Become a secret agent at Koezio\"><div class=\"portfolio-image-img\"><img decoding=\"async\" src=\"https:\/\/green-des-impressionnistes.com\/wp-content\/uploads\/2019\/03\/koezio2-11-grand--300x200.jpg\" alt=\"Become a secret agent at Koezio\" \/><div class=\"portfolio-item-undertitle\">Become a secret agent at Koezio<\/div><\/div><div class=\"portfolio-overlay overlay-name\"><span>Become a secret agent at Koezio<\/span><i class=\"icon-minti-plus\"><\/i><\/div><\/a><\/div>\n\t\t\t\t\t\t\t\t<\/div>\n\n\t\t\t\t\t\t\t\t\t\t\t\t  \n\t\t\t\t\t\t\n\t\t\t\t\t\t\t\n\t\t\t\t\t\t\t\n\t\t\t\t\t\t\t\t\t\t\t\t\n\n\t\t\t\t\t\t\t\t\t\t\t\t\t\t\t\t\n\t\t\t\t\t\t\t\t   \n\n\t\t\t\t\t\t\t\t<div class=\"term-family term-sports-leisure term-team-building-en portfolio-item four columns\">\n\t\t\t\t\t\t\t\t\t<div class=\"portfolio-image\"><a href=\"https:\/\/green-des-impressionnistes.com\/en\/activites-services\/make-your-own-chocolates\/\" title=\"Make your own chocolates\"><div class=\"portfolio-image-img\"><img decoding=\"async\" src=\"https:\/\/green-des-impressionnistes.com\/wp-content\/uploads\/2019\/05\/mendiants-chocolat-300x200.jpg\" alt=\"Make your own chocolates\" \/><div class=\"portfolio-item-undertitle\">Make your own chocolates<\/div><\/div><div class=\"portfolio-overlay overlay-name\"><span>Make your own chocolates<\/span><i class=\"icon-minti-plus\"><\/i><\/div><\/a><\/div>\n\t\t\t\t\t\t\t\t<\/div>\n\n\t\t\t\t\t\t\t\t\t\t\t\t  \n\t\t\t\t\t\t\n\t\t\t\t\t\t\t\n\t\t\t\t\t\t\t\n\t\t\t\t\t\t\t\t\t\t\t\t\n\n\t\t\t\t\t\t\t\t\t\t\t\t\t\t\t\t\n\t\t\t\t\t\t\t\t   \n\n\t\t\t\t\t\t\t\t<div class=\"term-family portfolio-item four columns\">\n\t\t\t\t\t\t\t\t\t<div class=\"portfolio-image\"><a href=\"https:\/\/green-des-impressionnistes.com\/en\/activites-services\/pontoise-pedagogical-farm\/\" title=\"Pontoise pedagogical farm\"><div class=\"portfolio-image-img\"><img decoding=\"async\" src=\"https:\/\/green-des-impressionnistes.com\/wp-content\/uploads\/2019\/05\/chevres-ferme-pedagogique-300x200.jpg\" alt=\"Pontoise pedagogical farm\" \/><div class=\"portfolio-item-undertitle\">Pontoise pedagogical farm<\/div><\/div><div class=\"portfolio-overlay overlay-name\"><span>Pontoise pedagogical farm<\/span><i class=\"icon-minti-plus\"><\/i><\/div><\/a><\/div>\n\t\t\t\t\t\t\t\t<\/div>\n\n\t\t\t\t\t\t\t\t\t\t\t\t  \n\t\t\t\t\t\t\n\t\t\t\t\t\t\t\n\t\t\t\t\t\t\t\n\t\t\t\t\t\t\t\t\t\t\t\t\n\n\t\t\t\t\t\t\t\t\t\t\t\t\t\t\t\t\n\t\t\t\t\t\t\t\t   \n\n\t\t\t\t\t\t\t\t<div class=\"term-cultural-sites term-family portfolio-item four columns\">\n\t\t\t\t\t\t\t\t\t<div class=\"portfolio-image\"><a href=\"https:\/\/green-des-impressionnistes.com\/en\/activites-services\/pontoise-undergrounds\/\" title=\"Pontoise undergrounds\"><div class=\"portfolio-image-img\"><img decoding=\"async\" src=\"https:\/\/green-des-impressionnistes.com\/wp-content\/uploads\/2019\/05\/souterrains-pontoise-300x200.jpg\" alt=\"Pontoise undergrounds\" \/><div class=\"portfolio-item-undertitle\">Pontoise undergrounds<\/div><\/div><div class=\"portfolio-overlay overlay-name\"><span>Pontoise undergrounds<\/span><i class=\"icon-minti-plus\"><\/i><\/div><\/a><\/div>\n\t\t\t\t\t\t\t\t<\/div>\n\n\t\t\t\t\t\t\t\t\t\t\t\t  \n\t\t\t\t\t\t\n\t\t\t\t\t\t\t\n\t\t\t\t\t\t\t\n\t\t\t\t\t\t\t\t\t\t\t\t\n\n\t\t\t\t\t\t\t\t\t\t\t\t\t\t\t\t\n\t\t\t\t\t\t\t\t   \n\n\t\t\t\t\t\t\t\t<div class=\"term-family term-sports-leisure term-team-building-en portfolio-item four columns\">\n\t\t\t\t\t\t\t\t\t<div class=\"portfolio-image\"><a href=\"https:\/\/green-des-impressionnistes.com\/en\/activites-services\/water-and-outdoor-sports-on-the-ile-de-loisirs\/\" title=\"Water and outdoor sports on the Ile de Loisirs\"><div class=\"portfolio-image-img\"><img decoding=\"async\" src=\"https:\/\/green-des-impressionnistes.com\/wp-content\/uploads\/2019\/04\/rafting-300x200.jpg\" alt=\"Water and outdoor sports on the Ile de Loisirs\" \/><div class=\"portfolio-item-undertitle\">Water and outdoor sports on the Ile de Loisirs<\/div><\/div><div class=\"portfolio-overlay overlay-name\"><span>Water and outdoor sports on the Ile de Loisirs<\/span><i class=\"icon-minti-plus\"><\/i><\/div><\/a><\/div>\n\t\t\t\t\t\t\t\t<\/div>\n\n\t\t\t\t\t\t\t\t\t\t\t\t  \n\t\t\t\t\t\t\n\t\t\t\t\t\t\t\n\t\t\t\t\t\t\t\n\t\t\t\t\t\t\t\t\t\t\t\t\n\n\t\t\t\t\t\t\t\t\t\t\t\t\t\t\t\t\n\t\t\t\t\t\t\t\t   \n\n\t\t\t\t\t\t\t\t<div class=\"term-cultural-sites term-family portfolio-item four columns\">\n\t\t\t\t\t\t\t\t\t<div class=\"portfolio-image\"><a href=\"https:\/\/green-des-impressionnistes.com\/en\/activites-services\/archaeological-museum-of-guiry-en-vexin\/\" title=\"Archaeological museum of Guiry-en-Vexin\"><div class=\"portfolio-image-img\"><img decoding=\"async\" src=\"https:\/\/green-des-impressionnistes.com\/wp-content\/uploads\/2019\/04\/statues-300x200.jpg\" alt=\"Archaeological museum of Guiry-en-Vexin\" \/><div class=\"portfolio-item-undertitle\">Archaeological museum of Guiry-en-Vexin<\/div><\/div><div class=\"portfolio-overlay overlay-name\"><span>Archaeological museum of Guiry-en-Vexin<\/span><i class=\"icon-minti-plus\"><\/i><\/div><\/a><\/div>\n\t\t\t\t\t\t\t\t<\/div>\n\n\t\t\t\t\t\t\t\t\t\t\t\t  \n\t\t\t\t\t\t\n\t\t\t\t\t\t\t\n\t\t\t\t\t\t\t\n\t\t\t\t\t\t\t\t\t\t\t\t\n\n\t\t\t\t\t\t\t\t\t\t\t\t\t\t\t\t\n\t\t\t\t\t\t\t\t   \n\n\t\t\t\t\t\t\t\t<div class=\"term-family term-sports-leisure term-team-building-en portfolio-item four columns\">\n\t\t\t\t\t\t\t\t\t<div class=\"portfolio-image\"><a href=\"https:\/\/green-des-impressionnistes.com\/en\/activites-services\/free-fall-escape-game-laser-game\/\" title=\"Free fall, escape game, laser game\"><div class=\"portfolio-image-img\"><img decoding=\"async\" src=\"https:\/\/green-des-impressionnistes.com\/wp-content\/uploads\/2019\/04\/chute-libre-300x200.jpg\" alt=\"Free fall, escape game, laser game\" \/><div class=\"portfolio-item-undertitle\">Free fall, escape game, laser game<\/div><\/div><div class=\"portfolio-overlay overlay-name\"><span>Free fall, escape game, laser game<\/span><i class=\"icon-minti-plus\"><\/i><\/div><\/a><\/div>\n\t\t\t\t\t\t\t\t<\/div>\n\n\t\t\t\t\t\t\t\t\t\t\t\t  \n\t\t\t\t\t\t\n\t\t\t\t\t\t\t\n\t\t\t\t\t\t\t\n\t\t\t\t\t\t\t\t\t\t\t\t\n\n\t\t\t\t\t\t\t\t\t\t\t\t\t\t\t\t\n\t\t\t\t\t\t\t\t   \n\n\t\t\t\t\t\t\t\t<div class=\"term-family term-sports-leisure term-team-building-en portfolio-item four columns\">\n\t\t\t\t\t\t\t\t\t<div class=\"portfolio-image\"><a href=\"https:\/\/green-des-impressionnistes.com\/en\/activites-services\/canoe-kayak-on-the-oise-river\/\" title=\"Canoe kayak on the Oise river\"><div class=\"portfolio-image-img\"><img decoding=\"async\" src=\"https:\/\/green-des-impressionnistes.com\/wp-content\/uploads\/2019\/04\/canoe-1-300x200.jpg\" alt=\"Canoe kayak on the Oise river\" \/><div class=\"portfolio-item-undertitle\">Canoe kayak on the Oise river<\/div><\/div><div class=\"portfolio-overlay overlay-name\"><span>Canoe kayak on the Oise river<\/span><i class=\"icon-minti-plus\"><\/i><\/div><\/a><\/div>\n\t\t\t\t\t\t\t\t<\/div>\n\n\t\t\t\t\t\t\t\t\t\t\t\t  \n\t\t\t\t\t\t\n\t\t\t\t\t\t\t\n\t\t\t\t\t\t\t\n\t\t\t\t\t\t\t\t\t\t\t\t\n\n\t\t\t\t\t\t\t\t\t\t\t\t\t\t\t\t\n\t\t\t\t\t\t\t\t   \n\n\t\t\t\t\t\t\t\t<div class=\"term-family term-practical portfolio-item four columns\">\n\t\t\t\t\t\t\t\t\t<div class=\"portfolio-image\"><a href=\"https:\/\/green-des-impressionnistes.com\/en\/activites-services\/baby-bed-on-request\/\" title=\"Baby bed on request\"><div class=\"portfolio-image-img\"><img decoding=\"async\" src=\"https:\/\/green-des-impressionnistes.com\/wp-content\/uploads\/2019\/03\/bebe-300x200.jpg\" alt=\"Baby bed on request\" \/><div class=\"portfolio-item-undertitle\">Baby bed on request<\/div><\/div><div class=\"portfolio-overlay overlay-name\"><span>Baby bed on request<\/span><i class=\"icon-minti-plus\"><\/i><\/div><\/a><\/div>\n\t\t\t\t\t\t\t\t<\/div>\n\n\t\t\t\t\t\t\t\t\t\t\t\t  \n\t\t\t\t\t\t\n\t\t\t\t\t\t\t\n\t\t\t\t\t\t\t\n\t\t\t\t\t\t\t\t\t\t\t\t\n\n\t\t\t\t\t\t\t\t\t\t\t\t\t\t\t\t\n\t\t\t\t\t\t\t\t   \n\n\t\t\t\t\t\t\t\t<div class=\"term-family term-sports-leisure term-team-building-en portfolio-item four columns\">\n\t\t\t\t\t\t\t\t\t<div class=\"portfolio-image\"><a href=\"https:\/\/green-des-impressionnistes.com\/en\/activites-services\/aventure-land-park\/\" title=\"Aventure Land Park\"><div class=\"portfolio-image-img\"><img decoding=\"async\" src=\"https:\/\/green-des-impressionnistes.com\/wp-content\/uploads\/2019\/04\/accrobranche-300x200.jpg\" alt=\"Aventure Land Park\" \/><div class=\"portfolio-item-undertitle\">Aventure Land Park<\/div><\/div><div class=\"portfolio-overlay overlay-name\"><span>Aventure Land Park<\/span><i class=\"icon-minti-plus\"><\/i><\/div><\/a><\/div>\n\t\t\t\t\t\t\t\t<\/div>\n\n\t\t\t\t\t\t\t\t\t\t\t\t  \n\t\t\t\t\t\t\n\t\t\t\t\t\t\t\n\t\t\t\t\t\t\t\n\t\t\t\t\t\t\t\t\t\t\t\t\n\n\t\t\t\t\t\t\t\t\t\t\t\t\t\t\t\t\n\t\t\t\t\t\t\t\t   \n\n\t\t\t\t\t\t\t\t<div class=\"term-family term-sports-leisure portfolio-item four columns\">\n\t\t\t\t\t\t\t\t\t<div class=\"portfolio-image\"><a href=\"https:\/\/green-des-impressionnistes.com\/en\/activites-services\/overview-of-the-vexin-in-a-hot-air-balloon\/\" title=\"Overview of the Vexin in a hot-air balloon\"><div class=\"portfolio-image-img\"><img decoding=\"async\" src=\"https:\/\/green-des-impressionnistes.com\/wp-content\/uploads\/2019\/04\/montgolfiere-vexin-300x200.jpg\" alt=\"Overview of the Vexin in a hot-air balloon\" \/><div class=\"portfolio-item-undertitle\">Overview of the Vexin in a hot-air balloon<\/div><\/div><div class=\"portfolio-overlay overlay-name\"><span>Overview of the Vexin in a hot-air balloon<\/span><i class=\"icon-minti-plus\"><\/i><\/div><\/a><\/div>\n\t\t\t\t\t\t\t\t<\/div>\n\n\t\t\t\t\t\t\t\t\t\t\t\t  \n\t\t\t\t\t\t\n\t\t\t\t\t\t\t\n\t\t\t\t\t\t\t\n\t\t\t\t\t\t\t\t\t\t\t\t\n\n\t\t\t\t\t\t\t\t\t\t\t\t\t\t\t\t\n\t\t\t\t\t\t\t\t   \n\n\t\t\t\t\t\t\t\t<div class=\"term-family term-sports-leisure portfolio-item four columns\">\n\t\t\t\t\t\t\t\t\t<div class=\"portfolio-image\"><a href=\"https:\/\/green-des-impressionnistes.com\/en\/activites-services\/enghiens-les-bains-water-city\/\" title=\"Enghiens-les-Bains, water city\"><div class=\"portfolio-image-img\"><img decoding=\"async\" src=\"https:\/\/green-des-impressionnistes.com\/wp-content\/uploads\/2019\/04\/enghien-les-bains-300x200.jpg\" alt=\"Enghiens-les-Bains, water city\" \/><div class=\"portfolio-item-undertitle\">Enghiens-les-Bains, water city<\/div><\/div><div class=\"portfolio-overlay overlay-name\"><span>Enghiens-les-Bains, water city<\/span><i class=\"icon-minti-plus\"><\/i><\/div><\/a><\/div>\n\t\t\t\t\t\t\t\t<\/div>\n\n\t\t\t\t\t\t\t\t\t\t\t\t  \n\t\t\t\t\t\t\n\t\t\t\t\t\t\t\n\t\t\t\t\t\t\t\n\t\t\t\t\t\t\t\t\t\t\t\t\n\n\t\t\t\t\t\t\t\t\t\t\t\t\t\t\t\t\n\t\t\t\t\t\t\t\t   \n\n\t\t\t\t\t\t\t\t<div class=\"term-family term-sports-leisure portfolio-item four columns\">\n\t\t\t\t\t\t\t\t\t<div class=\"portfolio-image\"><a href=\"https:\/\/green-des-impressionnistes.com\/en\/activites-services\/cycle-around-the-area\/\" title=\"Cycle around the area\"><div class=\"portfolio-image-img\"><img decoding=\"async\" src=\"https:\/\/green-des-impressionnistes.com\/wp-content\/uploads\/2019\/03\/velo-champs-ble-300x200.jpg\" alt=\"Cycle around the area\" \/><div class=\"portfolio-item-undertitle\">Cycle around the area<\/div><\/div><div class=\"portfolio-overlay overlay-name\"><span>Cycle around the area<\/span><i class=\"icon-minti-plus\"><\/i><\/div><\/a><\/div>\n\t\t\t\t\t\t\t\t<\/div>\n\n\t\t\t\t\t\t\t\t\t\t\t\t  \n\t\t\t\t\t\t\n\t\t\t\t\t\t\t\n\t\t\t\t\t\t\t\n\t\t\t\t\t\t\t\t\t\t\t\t\n\n\t\t\t\t\t\t\t\t\t\t\t\t\t\t\t\t\n\t\t\t\t\t\t\t\t   \n\n\t\t\t\t\t\t\t\t<div class=\"term-family term-sports-leisure portfolio-item four columns\">\n\t\t\t\t\t\t\t\t\t<div class=\"portfolio-image\"><a href=\"https:\/\/green-des-impressionnistes.com\/en\/activites-services\/discover-the-region-in-a-mythical-car\/\" title=\"Discover the region in a mythical car\"><div class=\"portfolio-image-img\"><img decoding=\"async\" src=\"https:\/\/green-des-impressionnistes.com\/wp-content\/uploads\/2022\/05\/voiture-traction-300x200.jpg\" alt=\"Discover the region in a mythical car\" \/><div class=\"portfolio-item-undertitle\">Discover the region in a mythical car<\/div><\/div><div class=\"portfolio-overlay overlay-name\"><span>Discover the region in a mythical car<\/span><i class=\"icon-minti-plus\"><\/i><\/div><\/a><\/div>\n\t\t\t\t\t\t\t\t<\/div>\n\n\t\t\t\t\t\t\t\t\t\t\t\t  \n\t\t\t\t\t\t\t\t\t\t\t<\/div>\n\n\t\t\t\t\t<\/div>\n\t\t\n\t\t<\/div>\n\t\t\t\n\t\t\t\t\n\t\t[\/vc_column][\/vc_row]<\/p>\n<\/div>","protected":false},"excerpt":{"rendered":"<p>[vc_row row_id=&#8221;parcours&#8221;][vc_column][vc_column_text] Have a good time with your family, the region is full of places and activities that will please the little ones &#8211; cuddling the farm animals, conducting archaeological digs, etc. &#8211; like the big ones: slip into the shoes of a special agent, enjoy a karting race, solve the riddles of an escape game&#8230;. In addition to museums, castles and other historical buildings to visit, the Green team recommends activities that will appeal to all members of your tribe: [\/vc_column_text][\/vc_column][\/vc_row][vc_row][vc_column width=&#8221;1\/1&#8243;][\/vc_column][\/vc_row]<\/p>\n","protected":false},"author":1,"featured_media":0,"parent":1132,"menu_order":0,"comment_status":"closed","ping_status":"closed","template":"","meta":{"_acf_changed":false,"footnotes":""},"class_list":["post-1314","page","type-page","status-publish","hentry"],"acf":[],"yoast_head":"<!-- This site is optimized with the Yoast SEO plugin v27.4 - https:\/\/yoast.com\/product\/yoast-seo-wordpress\/ -->\n<title>Visits and activities to do with the family in the Vexin, France<\/title>\n<meta name=\"description\" content=\"Le Green des Impressionnistes suggests fun activities to discover and enjoy with your family, for young and old children.\" \/>\n<meta name=\"robots\" content=\"index, follow, max-snippet:-1, max-image-preview:large, max-video-preview:-1\" \/>\n<link rel=\"canonical\" href=\"https:\/\/green-des-impressionnistes.com\/en\/activities-services\/enjoy-with-your-family\/\" \/>\n<meta property=\"og:locale\" content=\"en_US\" \/>\n<meta property=\"og:type\" content=\"article\" \/>\n<meta property=\"og:title\" content=\"Visits and activities to do with the family in the Vexin, France\" \/>\n<meta property=\"og:description\" content=\"Le Green des Impressionnistes suggests fun activities to discover and enjoy with your family, for young and old children.\" \/>\n<meta property=\"og:url\" content=\"https:\/\/green-des-impressionnistes.com\/en\/activities-services\/enjoy-with-your-family\/\" \/>\n<meta property=\"og:site_name\" content=\"Le Green des Impressionnistes\" \/>\n<meta property=\"article:publisher\" content=\"https:\/\/www.facebook.com\/legreendesimpressionnistes\" \/>\n<meta property=\"article:modified_time\" content=\"2019-06-10T10:33:33+00:00\" \/>\n<meta property=\"og:image\" content=\"https:\/\/green-des-impressionnistes.com\/wp-content\/uploads\/2019\/02\/logo-green-des-impressionnistes-retina.png\" \/>\n\t<meta property=\"og:image:width\" content=\"500\" \/>\n\t<meta property=\"og:image:height\" content=\"211\" \/>\n\t<meta property=\"og:image:type\" content=\"image\/png\" \/>\n<meta name=\"twitter:card\" content=\"summary_large_image\" \/>\n<meta name=\"twitter:label1\" content=\"Est. reading time\" \/>\n\t<meta name=\"twitter:data1\" content=\"1 minute\" \/>\n<!-- \/ Yoast SEO plugin. -->","yoast_head_json":{"title":"Visits and activities to do with the family in the Vexin, France","description":"Le Green des Impressionnistes suggests fun activities to discover and enjoy with your family, for young and old children.","robots":{"index":"index","follow":"follow","max-snippet":"max-snippet:-1","max-image-preview":"max-image-preview:large","max-video-preview":"max-video-preview:-1"},"canonical":"https:\/\/green-des-impressionnistes.com\/en\/activities-services\/enjoy-with-your-family\/","og_locale":"en_US","og_type":"article","og_title":"Visits and activities to do with the family in the Vexin, France","og_description":"Le Green des Impressionnistes suggests fun activities to discover and enjoy with your family, for young and old children.","og_url":"https:\/\/green-des-impressionnistes.com\/en\/activities-services\/enjoy-with-your-family\/","og_site_name":"Le Green des Impressionnistes","article_publisher":"https:\/\/www.facebook.com\/legreendesimpressionnistes","article_modified_time":"2019-06-10T10:33:33+00:00","og_image":[{"width":500,"height":211,"url":"https:\/\/green-des-impressionnistes.com\/wp-content\/uploads\/2019\/02\/logo-green-des-impressionnistes-retina.png","type":"image\/png"}],"twitter_card":"summary_large_image","twitter_misc":{"Est. reading time":"1 minute"},"schema":{"@context":"https:\/\/schema.org","@graph":[{"@type":"WebPage","@id":"https:\/\/green-des-impressionnistes.com\/en\/activities-services\/enjoy-with-your-family\/","url":"https:\/\/green-des-impressionnistes.com\/en\/activities-services\/enjoy-with-your-family\/","name":"Visits and activities to do with the family in the Vexin, France","isPartOf":{"@id":"https:\/\/green-des-impressionnistes.com\/en\/#website"},"datePublished":"2019-06-07T09:33:10+00:00","dateModified":"2019-06-10T10:33:33+00:00","description":"Le Green des Impressionnistes suggests fun activities to discover and enjoy with your family, for young and old children.","breadcrumb":{"@id":"https:\/\/green-des-impressionnistes.com\/en\/activities-services\/enjoy-with-your-family\/#breadcrumb"},"inLanguage":"en-US","potentialAction":[{"@type":"ReadAction","target":["https:\/\/green-des-impressionnistes.com\/en\/activities-services\/enjoy-with-your-family\/"]}]},{"@type":"BreadcrumbList","@id":"https:\/\/green-des-impressionnistes.com\/en\/activities-services\/enjoy-with-your-family\/#breadcrumb","itemListElement":[{"@type":"ListItem","position":1,"name":"Accueil","item":"https:\/\/green-des-impressionnistes.com\/en\/the-green-des-impressionnistes\/"},{"@type":"ListItem","position":2,"name":"Activities &#038; services","item":"https:\/\/green-des-impressionnistes.com\/en\/activities-services\/"},{"@type":"ListItem","position":3,"name":"Enjoy with your family"}]},{"@type":"WebSite","@id":"https:\/\/green-des-impressionnistes.com\/en\/#website","url":"https:\/\/green-des-impressionnistes.com\/en\/","name":"Le Green des Impressionnistes","description":"R\u00e9sidence h\u00f4teli\u00e8re \u2605\u2605\u2605","publisher":{"@id":"https:\/\/green-des-impressionnistes.com\/en\/#organization"},"potentialAction":[{"@type":"SearchAction","target":{"@type":"EntryPoint","urlTemplate":"https:\/\/green-des-impressionnistes.com\/en\/?s={search_term_string}"},"query-input":{"@type":"PropertyValueSpecification","valueRequired":true,"valueName":"search_term_string"}}],"inLanguage":"en-US"},{"@type":"Organization","@id":"https:\/\/green-des-impressionnistes.com\/en\/#organization","name":"Le Green des Impressionnistes","url":"https:\/\/green-des-impressionnistes.com\/en\/","logo":{"@type":"ImageObject","inLanguage":"en-US","@id":"https:\/\/green-des-impressionnistes.com\/en\/#\/schema\/logo\/image\/","url":"https:\/\/green-des-impressionnistes.com\/wp-content\/uploads\/2019\/02\/logo-green-des-impressionnistes-footer.png","contentUrl":"https:\/\/green-des-impressionnistes.com\/wp-content\/uploads\/2019\/02\/logo-green-des-impressionnistes-footer.png","width":228,"height":84,"caption":"Le Green des Impressionnistes"},"image":{"@id":"https:\/\/green-des-impressionnistes.com\/en\/#\/schema\/logo\/image\/"},"sameAs":["https:\/\/www.facebook.com\/legreendesimpressionnistes"]}]}},"_links":{"self":[{"href":"https:\/\/green-des-impressionnistes.com\/en\/wp-json\/wp\/v2\/pages\/1314","targetHints":{"allow":["GET"]}}],"collection":[{"href":"https:\/\/green-des-impressionnistes.com\/en\/wp-json\/wp\/v2\/pages"}],"about":[{"href":"https:\/\/green-des-impressionnistes.com\/en\/wp-json\/wp\/v2\/types\/page"}],"author":[{"embeddable":true,"href":"https:\/\/green-des-impressionnistes.com\/en\/wp-json\/wp\/v2\/users\/1"}],"replies":[{"embeddable":true,"href":"https:\/\/green-des-impressionnistes.com\/en\/wp-json\/wp\/v2\/comments?post=1314"}],"version-history":[{"count":0,"href":"https:\/\/green-des-impressionnistes.com\/en\/wp-json\/wp\/v2\/pages\/1314\/revisions"}],"up":[{"embeddable":true,"href":"https:\/\/green-des-impressionnistes.com\/en\/wp-json\/wp\/v2\/pages\/1132"}],"wp:attachment":[{"href":"https:\/\/green-des-impressionnistes.com\/en\/wp-json\/wp\/v2\/media?parent=1314"}],"curies":[{"name":"wp","href":"https:\/\/api.w.org\/{rel}","templated":true}]}}