{"id":1130,"date":"2019-05-22T15:34:45","date_gmt":"2019-05-22T13:34:45","guid":{"rendered":"https:\/\/green-des-impressionnistes.com\/contact\/"},"modified":"2026-03-03T22:18:29","modified_gmt":"2026-03-03T21:18:29","slug":"contact","status":"publish","type":"page","link":"https:\/\/green-des-impressionnistes.com\/en\/contact\/","title":{"rendered":"Contact"},"content":{"rendered":"<div class=\"wpb-content-wrapper\"><p>[vc_row][vc_column width=&#8221;1\/1&#8243;][vc_column_text el_class=&#8221;contact-coordonnees&#8221;]<\/p>\n<p class=\"intro\">The Green team is at your disposal to <strong>meet your requests<\/strong>.<br \/>\nSee you soon!<\/p>\n<p class=\"coordonnees\"><a href=\"tel:0033134410031\">+33(0)1.34.41.00.31<\/a><br \/>\n<i class=\"fab fa-whatsapp\"><\/i><a href=\"https:\/\/wa.me\/134410031\" target=\"_blank\" rel=\"noopener\" aria-label=\"Chat on WhatsApp\">WhaptsApp<\/a><br \/>\n<a href=\"&#x6d;&#x61;&#x69;&#108;&#116;&#111;:c&#x6f;&#x6e;&#x74;&#x61;&#99;&#116;&#64;g&#x72;&#x65;&#x65;&#x6e;&#45;&#100;es&#x2d;&#x69;&#x6d;&#x70;&#114;&#101;&#115;si&#x6f;&#x6e;&#x6e;&#x69;&#115;&#116;es&#x2e;&#x66;&#x72;\" target=\"_blank\" rel=\"noopener noreferrer\">&#x63;&#111;n&#x74;&#x61;&#99;t&#x40;&#x67;&#114;e&#x65;&#x6e;&#45;d&#x65;&#x73;&#45;i&#x6d;&#112;&#114;e&#x73;&#115;i&#x6f;&#x6e;&#110;i&#x73;&#x74;&#101;s&#x2e;&#x66;&#114;<\/a><br \/>\n<i class=\"fab fa-facebook-f\"><\/i><a href=\"https:\/\/www.facebook.com\/legreendesimpressionnistes\" target=\"_blank\" rel=\"noopener noreferrer\">@legreendesimpressionnistes<\/a><\/p>\n<p><a href=\"https:\/\/goo.gl\/maps\/eaVcdTz2ues\" target=\"_blank\" rel=\"nofollow noopener noreferrer\">Le Green des Impressionnistes<br \/>\n4, rue du Parc<br \/>\n95300 Ennery<br \/>\nFRANCE<\/a><br \/>\n<a class=\"button color-2\" href=\"\/venir\">How to get here<\/a>[\/vc_column_text][\/vc_column][\/vc_row]<\/p>\n<\/div>","protected":false},"excerpt":{"rendered":"<p>[vc_row][vc_column width=&#8221;1\/1&#8243;][vc_column_text el_class=&#8221;contact-coordonnees&#8221;] The Green team is at your disposal to meet your requests. See you soon! +33(0)1.34.41.00.31 WhaptsApp &#99;&#x6f;n&#116;&#x61;c&#x74;&#x40;&#103;&#x72;e&#101;&#x6e;-&#100;&#x65;&#115;&#x2d;i&#109;&#x70;r&#101;&#x73;&#115;&#x69;&#x6f;&#110;&#x6e;i&#115;&#x74;e&#x73;&#x2e;&#102;&#x72; @legreendesimpressionnistes Le Green des Impressionnistes 4, rue du Parc 95300 Ennery FRANCE How to get here[\/vc_column_text][\/vc_column][\/vc_row]<\/p>\n","protected":false},"author":1,"featured_media":0,"parent":0,"menu_order":0,"comment_status":"closed","ping_status":"closed","template":"","meta":{"_acf_changed":false,"footnotes":""},"class_list":["post-1130","page","type-page","status-publish","hentry"],"acf":[],"yoast_head":"<!-- This site is optimized with the Yoast SEO plugin v27.4 - https:\/\/yoast.com\/product\/yoast-seo-wordpress\/ -->\n<title>Green des Impressionniste&#039; phone number, email and postal addresses<\/title>\n<meta name=\"description\" content=\"Find the contact details of the Green des Impressionnistes: phone number, email and postal addresses and link to our Facebook page.\" \/>\n<meta name=\"robots\" content=\"index, follow, max-snippet:-1, max-image-preview:large, max-video-preview:-1\" \/>\n<link rel=\"canonical\" href=\"https:\/\/green-des-impressionnistes.com\/en\/contact\/\" \/>\n<meta property=\"og:locale\" content=\"en_US\" \/>\n<meta property=\"og:type\" content=\"article\" \/>\n<meta property=\"og:title\" content=\"Green des Impressionniste&#039; phone number, email and postal addresses\" \/>\n<meta property=\"og:description\" content=\"Find the contact details of the Green des Impressionnistes: phone number, email and postal addresses and link to our Facebook page.\" \/>\n<meta property=\"og:url\" content=\"https:\/\/green-des-impressionnistes.com\/en\/contact\/\" \/>\n<meta property=\"og:site_name\" content=\"Le Green des Impressionnistes\" \/>\n<meta property=\"article:publisher\" content=\"https:\/\/www.facebook.com\/legreendesimpressionnistes\" \/>\n<meta property=\"article:modified_time\" content=\"2026-03-03T21:18:29+00:00\" \/>\n<meta property=\"og:image\" content=\"https:\/\/green-des-impressionnistes.com\/wp-content\/uploads\/2019\/02\/logo-green-des-impressionnistes-retina.png\" \/>\n\t<meta property=\"og:image:width\" content=\"500\" \/>\n\t<meta property=\"og:image:height\" content=\"211\" \/>\n\t<meta property=\"og:image:type\" content=\"image\/png\" \/>\n<meta name=\"twitter:card\" content=\"summary_large_image\" \/>\n<!-- \/ Yoast SEO plugin. -->","yoast_head_json":{"title":"Green des Impressionniste' phone number, email and postal addresses","description":"Find the contact details of the Green des Impressionnistes: phone number, email and postal addresses and link to our Facebook page.","robots":{"index":"index","follow":"follow","max-snippet":"max-snippet:-1","max-image-preview":"max-image-preview:large","max-video-preview":"max-video-preview:-1"},"canonical":"https:\/\/green-des-impressionnistes.com\/en\/contact\/","og_locale":"en_US","og_type":"article","og_title":"Green des Impressionniste' phone number, email and postal addresses","og_description":"Find the contact details of the Green des Impressionnistes: phone number, email and postal addresses and link to our Facebook page.","og_url":"https:\/\/green-des-impressionnistes.com\/en\/contact\/","og_site_name":"Le Green des Impressionnistes","article_publisher":"https:\/\/www.facebook.com\/legreendesimpressionnistes","article_modified_time":"2026-03-03T21:18:29+00:00","og_image":[{"width":500,"height":211,"url":"https:\/\/green-des-impressionnistes.com\/wp-content\/uploads\/2019\/02\/logo-green-des-impressionnistes-retina.png","type":"image\/png"}],"twitter_card":"summary_large_image","schema":{"@context":"https:\/\/schema.org","@graph":[{"@type":"WebPage","@id":"https:\/\/green-des-impressionnistes.com\/en\/contact\/","url":"https:\/\/green-des-impressionnistes.com\/en\/contact\/","name":"Green des Impressionniste' phone number, email and postal addresses","isPartOf":{"@id":"https:\/\/green-des-impressionnistes.com\/en\/#website"},"datePublished":"2019-05-22T13:34:45+00:00","dateModified":"2026-03-03T21:18:29+00:00","description":"Find the contact details of the Green des Impressionnistes: phone number, email and postal addresses and link to our Facebook page.","breadcrumb":{"@id":"https:\/\/green-des-impressionnistes.com\/en\/contact\/#breadcrumb"},"inLanguage":"en-US","potentialAction":[{"@type":"ReadAction","target":["https:\/\/green-des-impressionnistes.com\/en\/contact\/"]}]},{"@type":"BreadcrumbList","@id":"https:\/\/green-des-impressionnistes.com\/en\/contact\/#breadcrumb","itemListElement":[{"@type":"ListItem","position":1,"name":"Accueil","item":"https:\/\/green-des-impressionnistes.com\/en\/the-green-des-impressionnistes\/"},{"@type":"ListItem","position":2,"name":"Contact"}]},{"@type":"WebSite","@id":"https:\/\/green-des-impressionnistes.com\/en\/#website","url":"https:\/\/green-des-impressionnistes.com\/en\/","name":"Le Green des Impressionnistes","description":"R\u00e9sidence h\u00f4teli\u00e8re \u2605\u2605\u2605","publisher":{"@id":"https:\/\/green-des-impressionnistes.com\/en\/#organization"},"potentialAction":[{"@type":"SearchAction","target":{"@type":"EntryPoint","urlTemplate":"https:\/\/green-des-impressionnistes.com\/en\/?s={search_term_string}"},"query-input":{"@type":"PropertyValueSpecification","valueRequired":true,"valueName":"search_term_string"}}],"inLanguage":"en-US"},{"@type":"Organization","@id":"https:\/\/green-des-impressionnistes.com\/en\/#organization","name":"Le Green des Impressionnistes","url":"https:\/\/green-des-impressionnistes.com\/en\/","logo":{"@type":"ImageObject","inLanguage":"en-US","@id":"https:\/\/green-des-impressionnistes.com\/en\/#\/schema\/logo\/image\/","url":"https:\/\/green-des-impressionnistes.com\/wp-content\/uploads\/2019\/02\/logo-green-des-impressionnistes-footer.png","contentUrl":"https:\/\/green-des-impressionnistes.com\/wp-content\/uploads\/2019\/02\/logo-green-des-impressionnistes-footer.png","width":228,"height":84,"caption":"Le Green des Impressionnistes"},"image":{"@id":"https:\/\/green-des-impressionnistes.com\/en\/#\/schema\/logo\/image\/"},"sameAs":["https:\/\/www.facebook.com\/legreendesimpressionnistes"]}]}},"_links":{"self":[{"href":"https:\/\/green-des-impressionnistes.com\/en\/wp-json\/wp\/v2\/pages\/1130","targetHints":{"allow":["GET"]}}],"collection":[{"href":"https:\/\/green-des-impressionnistes.com\/en\/wp-json\/wp\/v2\/pages"}],"about":[{"href":"https:\/\/green-des-impressionnistes.com\/en\/wp-json\/wp\/v2\/types\/page"}],"author":[{"embeddable":true,"href":"https:\/\/green-des-impressionnistes.com\/en\/wp-json\/wp\/v2\/users\/1"}],"replies":[{"embeddable":true,"href":"https:\/\/green-des-impressionnistes.com\/en\/wp-json\/wp\/v2\/comments?post=1130"}],"version-history":[{"count":6,"href":"https:\/\/green-des-impressionnistes.com\/en\/wp-json\/wp\/v2\/pages\/1130\/revisions"}],"predecessor-version":[{"id":3016,"href":"https:\/\/green-des-impressionnistes.com\/en\/wp-json\/wp\/v2\/pages\/1130\/revisions\/3016"}],"wp:attachment":[{"href":"https:\/\/green-des-impressionnistes.com\/en\/wp-json\/wp\/v2\/media?parent=1130"}],"curies":[{"name":"wp","href":"https:\/\/api.w.org\/{rel}","templated":true}]}}